{"id":4130,"date":"2023-12-01T14:28:07","date_gmt":"2023-12-01T14:28:07","guid":{"rendered":"https:\/\/siulaiklaipeda.eu\/?post_type=product&#038;p=4130"},"modified":"2025-12-28T11:19:05","modified_gmt":"2025-12-28T09:19:05","slug":"vilna-3881","status":"publish","type":"product","link":"https:\/\/siulaiklaipeda.eu\/en\/product\/vilna-3881\/","title":{"rendered":"Gazzal Worm 3858"},"content":{"rendered":"<ul>\n<li>Composition: 100 % Superwash merino fine wool<\/li>\n<li>Length: 150 g, 120 m<\/li>\n<li>Recommended needles: 10<\/li>\n<li>Manufacturer: Gazzal, Turkey<\/li>\n<\/ul>\n<p>Hand-dyed merino wool. Since there is no dyeing batch, it is recommended to purchase a sufficient amount of yarn at one time.<\/p>\n<p>&nbsp;<\/p>\n<p>&nbsp;<\/p>","protected":false},"excerpt":{"rendered":"<p>Sud\u0117tis :100 % Superwash merino\u00a0 fine vilna Ilgis :150 g ,120m Rekomenduojami\u00a0 virbalai :10 Gamintojas :Gazzal ,Turkija Rankomis da\u017eyta merino vilna .Kadangi\u00a0 n\u0117ra da\u017eymo partijos , rekomenduojama\u00a0 vienu metu\u00a0 \u012fsigyti pakankam\u0105 kiek\u012f verpal\u0173 &nbsp; &nbsp;<\/p>","protected":false},"featured_media":0,"template":"","meta":[],"product_brand":[],"product_cat":[97,89,47,163],"product_tag":[],"class_list":{"0":"post-4130","1":"product","2":"type-product","3":"status-publish","5":"product_cat-gazzal","6":"product_cat-siulu-pluostai","7":"product_cat-vilna","8":"product_cat-worm","10":"first","11":"outofstock","12":"taxable","13":"shipping-taxable","14":"purchasable","15":"product-type-simple"},"_links":{"self":[{"href":"https:\/\/siulaiklaipeda.eu\/en\/wp-json\/wp\/v2\/product\/4130","targetHints":{"allow":["GET"]}}],"collection":[{"href":"https:\/\/siulaiklaipeda.eu\/en\/wp-json\/wp\/v2\/product"}],"about":[{"href":"https:\/\/siulaiklaipeda.eu\/en\/wp-json\/wp\/v2\/types\/product"}],"wp:attachment":[{"href":"https:\/\/siulaiklaipeda.eu\/en\/wp-json\/wp\/v2\/media?parent=4130"}],"wp:term":[{"taxonomy":"product_brand","embeddable":true,"href":"https:\/\/siulaiklaipeda.eu\/en\/wp-json\/wp\/v2\/product_brand?post=4130"},{"taxonomy":"product_cat","embeddable":true,"href":"https:\/\/siulaiklaipeda.eu\/en\/wp-json\/wp\/v2\/product_cat?post=4130"},{"taxonomy":"product_tag","embeddable":true,"href":"https:\/\/siulaiklaipeda.eu\/en\/wp-json\/wp\/v2\/product_tag?post=4130"}],"curies":[{"name":"wp","href":"https:\/\/api.w.org\/{rel}","templated":true}]}}