{"id":28031,"date":"2026-05-12T17:21:49","date_gmt":"2026-05-12T14:21:49","guid":{"rendered":"https:\/\/siulaiklaipeda.eu\/?post_type=product&#038;p=28031"},"modified":"2026-05-12T17:22:22","modified_gmt":"2026-05-12T14:22:22","slug":"midara-bucle-400","status":"publish","type":"product","link":"https:\/\/siulaiklaipeda.eu\/en\/product\/midara-bucle-400\/","title":{"rendered":"Midara Bucle 400"},"content":{"rendered":"<p>\u0160veln\u016bs ir i\u0161skirtiniai Midara Bucle si\u016blai \u2013 puikus pasirinkimas jaukiems, \u0161iltiems ir stilingiems mezginiams. Boucle tekst\u016bra suteikia mezginiui purumo, mink\u0161tumo bei subtilaus reljefo efekt\u0105. Puikiai tinka megztiniams, \u0161alikams, kepur\u0117ms, kardiganams ar jaukiems aksesuarams.<\/p>\n\n\n\n<p>\u2714 90 % vilna<br>\u2714 10 % poliamidas<br>\u2714 100 g \/ 420 m<br>\u2714 \u0160ilti, mink\u0161ti ir lengvi<br>\u2714 Tinka tiek vieni, tiek derinant su kitais si\u016blais<\/p>\n\n\n\n<p>Gamintojo rekomenduojami virbalai Nr 3-4<\/p>\n\n\n\n<p>D\u0117l ilgo metra\u017eo si\u016blai ekonomi\u0161ki \u2013 vienam projektui j\u0173 prireiks ma\u017eiau. Puikiai atrodo mezgant tiek lygiu ra\u0161tu, tiek derinant su p\u016bkuotais ar dekoratyviniais si\u016blais.<\/p>","protected":false},"excerpt":{"rendered":"<p>\u0160veln\u016bs ir i\u0161skirtiniai Midara Bucle si\u016blai \u2013 puikus pasirinkimas jaukiems, \u0161iltiems ir stilingiems mezginiams. Boucle tekst\u016bra suteikia mezginiui purumo, mink\u0161tumo bei subtilaus reljefo efekt\u0105. Puikiai tinka megztiniams, \u0161alikams, kepur\u0117ms, kardiganams ar jaukiems aksesuarams. \u2714 90 % vilna\u2714 10 % poliamidas\u2714 100 g \/ 420 m\u2714 \u0160ilti, mink\u0161ti ir lengvi\u2714 Tinka tiek vieni, tiek derinant su [&hellip;]<\/p>\n","protected":false},"featured_media":28032,"template":"","meta":[],"product_brand":[],"product_cat":[307,255,47],"product_tag":[],"class_list":{"0":"post-28031","1":"product","2":"type-product","3":"status-publish","4":"has-post-thumbnail","6":"product_cat-bucle","7":"product_cat-midara","8":"product_cat-vilna","10":"first","11":"instock","12":"taxable","13":"shipping-taxable","14":"purchasable","15":"product-type-simple"},"_links":{"self":[{"href":"https:\/\/siulaiklaipeda.eu\/en\/wp-json\/wp\/v2\/product\/28031","targetHints":{"allow":["GET"]}}],"collection":[{"href":"https:\/\/siulaiklaipeda.eu\/en\/wp-json\/wp\/v2\/product"}],"about":[{"href":"https:\/\/siulaiklaipeda.eu\/en\/wp-json\/wp\/v2\/types\/product"}],"wp:featuredmedia":[{"embeddable":true,"href":"https:\/\/siulaiklaipeda.eu\/en\/wp-json\/wp\/v2\/media\/28032"}],"wp:attachment":[{"href":"https:\/\/siulaiklaipeda.eu\/en\/wp-json\/wp\/v2\/media?parent=28031"}],"wp:term":[{"taxonomy":"product_brand","embeddable":true,"href":"https:\/\/siulaiklaipeda.eu\/en\/wp-json\/wp\/v2\/product_brand?post=28031"},{"taxonomy":"product_cat","embeddable":true,"href":"https:\/\/siulaiklaipeda.eu\/en\/wp-json\/wp\/v2\/product_cat?post=28031"},{"taxonomy":"product_tag","embeddable":true,"href":"https:\/\/siulaiklaipeda.eu\/en\/wp-json\/wp\/v2\/product_tag?post=28031"}],"curies":[{"name":"wp","href":"https:\/\/api.w.org\/{rel}","templated":true}]}}