{"id":27999,"date":"2026-05-12T11:03:01","date_gmt":"2026-05-12T08:03:01","guid":{"rendered":"https:\/\/siulaiklaipeda.eu\/?post_type=product&#038;p=27999"},"modified":"2026-05-12T16:31:05","modified_gmt":"2026-05-12T13:31:05","slug":"midara-princess-mohair-883","status":"publish","type":"product","link":"https:\/\/siulaiklaipeda.eu\/en\/product\/midara-princess-mohair-883\/","title":{"rendered":"Midara Princess Mohair 883"},"content":{"rendered":"<p>Sud\u0117tis \u2013 33 % moheris , 30 % poliamidas , 37 % poliesteris<\/p>\n\n\n\n<p>25g ,apie 230-235 m <\/p>\n\n\n\n<p>Princess Mohair -p\u016bkuoti,\u0161veln\u016bs kaip debes\u0117lis si\u016blai,puikiai tinka lengviems megztiniams ,skaraist\u0117ms, \u0161alikams.<\/p>\n\n\n\n<p>Mezginiai bus itin lengvi ,bet \u0161ilti.<\/p>","protected":false},"excerpt":{"rendered":"<p>Sud\u0117tis \u2013 33 % moheris , 30 % poliamidas , 37 % poliesteris 25g ,apie 230-235 m Princess Mohair -p\u016bkuoti,\u0161veln\u016bs kaip debes\u0117lis si\u016blai,puikiai tinka lengviems megztiniams ,skaraist\u0117ms, \u0161alikams. Mezginiai bus itin lengvi ,bet \u0161ilti.<\/p>","protected":false},"featured_media":28009,"template":"","meta":[],"product_brand":[],"product_cat":[45],"product_tag":[],"class_list":{"0":"post-27999","1":"product","2":"type-product","3":"status-publish","4":"has-post-thumbnail","6":"product_cat-mezgimo-siulai","8":"first","9":"instock","10":"taxable","11":"shipping-taxable","12":"purchasable","13":"product-type-simple"},"_links":{"self":[{"href":"https:\/\/siulaiklaipeda.eu\/en\/wp-json\/wp\/v2\/product\/27999","targetHints":{"allow":["GET"]}}],"collection":[{"href":"https:\/\/siulaiklaipeda.eu\/en\/wp-json\/wp\/v2\/product"}],"about":[{"href":"https:\/\/siulaiklaipeda.eu\/en\/wp-json\/wp\/v2\/types\/product"}],"wp:featuredmedia":[{"embeddable":true,"href":"https:\/\/siulaiklaipeda.eu\/en\/wp-json\/wp\/v2\/media\/28009"}],"wp:attachment":[{"href":"https:\/\/siulaiklaipeda.eu\/en\/wp-json\/wp\/v2\/media?parent=27999"}],"wp:term":[{"taxonomy":"product_brand","embeddable":true,"href":"https:\/\/siulaiklaipeda.eu\/en\/wp-json\/wp\/v2\/product_brand?post=27999"},{"taxonomy":"product_cat","embeddable":true,"href":"https:\/\/siulaiklaipeda.eu\/en\/wp-json\/wp\/v2\/product_cat?post=27999"},{"taxonomy":"product_tag","embeddable":true,"href":"https:\/\/siulaiklaipeda.eu\/en\/wp-json\/wp\/v2\/product_tag?post=27999"}],"curies":[{"name":"wp","href":"https:\/\/api.w.org\/{rel}","templated":true}]}}