{"id":27306,"date":"2026-04-10T14:30:32","date_gmt":"2026-04-10T11:30:32","guid":{"rendered":"https:\/\/siulaiklaipeda.eu\/?post_type=product&#038;p=27306"},"modified":"2026-04-15T22:07:56","modified_gmt":"2026-04-15T19:07:56","slug":"marilyn-8281","status":"publish","type":"product","link":"https:\/\/siulaiklaipeda.eu\/en\/product\/marilyn-8281\/","title":{"rendered":"Gazzal Marilyn &#038; Merinos 8281 juoda"},"content":{"rendered":"<ul class=\"wp-block-list\">\n<li>Gazzal Marilyn &amp; Merinos<\/li>\n\n\n\n<li>Weight -50 g<\/li>\n\n\n\n<li>Length \u2013 88 m<\/li>\n\n\n\n<li>Composition -41 % Australian merino wool,59 % polyamide<\/li>\n\n\n\n<li>Ne\u012ftik\u0117tinas purumas ir \u0161velnumas &#8211; idealiai tinka jautriai odai ,rekomenduojama&nbsp; skalbti rankomis \u0161altame vandenyje.<\/li>\n<\/ul>\n\n\n\n<p><\/p>","protected":false},"excerpt":{"rendered":"","protected":false},"featured_media":27408,"template":"","meta":[],"product_brand":[],"product_cat":[97,233],"product_tag":[],"class_list":{"0":"post-27306","1":"product","2":"type-product","3":"status-publish","4":"has-post-thumbnail","6":"product_cat-gazzal","7":"product_cat-marilyn-merinos","9":"first","10":"instock","11":"taxable","12":"shipping-taxable","13":"purchasable","14":"product-type-simple"},"_links":{"self":[{"href":"https:\/\/siulaiklaipeda.eu\/en\/wp-json\/wp\/v2\/product\/27306","targetHints":{"allow":["GET"]}}],"collection":[{"href":"https:\/\/siulaiklaipeda.eu\/en\/wp-json\/wp\/v2\/product"}],"about":[{"href":"https:\/\/siulaiklaipeda.eu\/en\/wp-json\/wp\/v2\/types\/product"}],"wp:featuredmedia":[{"embeddable":true,"href":"https:\/\/siulaiklaipeda.eu\/en\/wp-json\/wp\/v2\/media\/27408"}],"wp:attachment":[{"href":"https:\/\/siulaiklaipeda.eu\/en\/wp-json\/wp\/v2\/media?parent=27306"}],"wp:term":[{"taxonomy":"product_brand","embeddable":true,"href":"https:\/\/siulaiklaipeda.eu\/en\/wp-json\/wp\/v2\/product_brand?post=27306"},{"taxonomy":"product_cat","embeddable":true,"href":"https:\/\/siulaiklaipeda.eu\/en\/wp-json\/wp\/v2\/product_cat?post=27306"},{"taxonomy":"product_tag","embeddable":true,"href":"https:\/\/siulaiklaipeda.eu\/en\/wp-json\/wp\/v2\/product_tag?post=27306"}],"curies":[{"name":"wp","href":"https:\/\/api.w.org\/{rel}","templated":true}]}}