{"id":26370,"date":"2026-03-15T20:47:30","date_gmt":"2026-03-15T18:47:30","guid":{"rendered":"https:\/\/siulaiklaipeda.eu\/?post_type=product&#038;p=26370"},"modified":"2026-04-28T12:03:04","modified_gmt":"2026-04-28T09:03:04","slug":"alize-diva-57","status":"publish","type":"product","link":"https:\/\/siulaiklaipeda.eu\/en\/product\/alize-diva-57\/","title":{"rendered":"Alize Diva 57"},"content":{"rendered":"<ul class=\"wp-block-list\">\n<li>Composition: 100 % microfiber (acrylic)<\/li>\n\n\n\n<li>Length: 100g, 350 m<\/li>\n\n\n\n<li>Needles No. 2-3.5 mm are recommended<\/li>\n\n\n\n<li>Recommended size: 1-3mm<\/li>\n\n\n\n<li>Manufacturer - Alize, Turkey<\/li>\n<\/ul>\n\n\n\n<p>Alize Diva \u2013 100% akrilas ,turintis\u00a0 \u0161ilko efekto \u017evilges\u012f .Puikiai tinka vasaros mezginiams ir n\u0117riniams .Mezginiai bus lengvai ,krentantys ,puikiai ne\u0161iojasi , nesipumpuruoja.<\/p>","protected":false},"excerpt":{"rendered":"<p>Alize Diva \u2013 100% akrilas ,turintis\u00a0 \u0161ilko efekto \u017evilges\u012f .Puikiai tinka vasaros mezginiams ir n\u0117riniams .Mezginiai bus lengvai ,krentantys ,puikiai ne\u0161iojasi , nesipumpuruoja.<\/p>","protected":false},"featured_media":26991,"template":"","meta":[],"product_brand":[],"product_cat":[50,126,52],"product_tag":[],"class_list":{"0":"post-26370","1":"product","2":"type-product","3":"status-publish","4":"has-post-thumbnail","6":"product_cat-akrilas","7":"product_cat-diva","8":"product_cat-mikrofibra","10":"first","11":"instock","12":"taxable","13":"shipping-taxable","14":"purchasable","15":"product-type-simple"},"_links":{"self":[{"href":"https:\/\/siulaiklaipeda.eu\/en\/wp-json\/wp\/v2\/product\/26370","targetHints":{"allow":["GET"]}}],"collection":[{"href":"https:\/\/siulaiklaipeda.eu\/en\/wp-json\/wp\/v2\/product"}],"about":[{"href":"https:\/\/siulaiklaipeda.eu\/en\/wp-json\/wp\/v2\/types\/product"}],"wp:featuredmedia":[{"embeddable":true,"href":"https:\/\/siulaiklaipeda.eu\/en\/wp-json\/wp\/v2\/media\/26991"}],"wp:attachment":[{"href":"https:\/\/siulaiklaipeda.eu\/en\/wp-json\/wp\/v2\/media?parent=26370"}],"wp:term":[{"taxonomy":"product_brand","embeddable":true,"href":"https:\/\/siulaiklaipeda.eu\/en\/wp-json\/wp\/v2\/product_brand?post=26370"},{"taxonomy":"product_cat","embeddable":true,"href":"https:\/\/siulaiklaipeda.eu\/en\/wp-json\/wp\/v2\/product_cat?post=26370"},{"taxonomy":"product_tag","embeddable":true,"href":"https:\/\/siulaiklaipeda.eu\/en\/wp-json\/wp\/v2\/product_tag?post=26370"}],"curies":[{"name":"wp","href":"https:\/\/api.w.org\/{rel}","templated":true}]}}