{"id":26126,"date":"2026-03-05T17:23:22","date_gmt":"2026-03-05T15:23:22","guid":{"rendered":"https:\/\/siulaiklaipeda.eu\/?post_type=product&#038;p=26126"},"modified":"2026-03-05T21:20:16","modified_gmt":"2026-03-05T19:20:16","slug":"yarnart-baby-color-207","status":"publish","type":"product","link":"https:\/\/siulaiklaipeda.eu\/en\/product\/yarnart-baby-color-207\/","title":{"rendered":"YarnArt Baby Color 207"},"content":{"rendered":"<p><strong>YarnArt Baby Color \u2013 \u0161veln\u016bs spalvoti si\u016blai k\u016bdiki\u0173 ir vaik\u0173 mezginiams<\/strong><\/p>\n\n\n\n<p><strong>YarnArt Baby Color<\/strong> \u2013 tai mink\u0161ti, lengvi ir malon\u016bs si\u016blai su subtiliais spalvotais ta\u0161keliais. \u0160velnus pastelinis pagrindas su ma\u017eais spalviniais akcentais suteikia mezginiams \u017eaismingumo ir i\u0161skirtinumo, tod\u0117l mezginiai atrodo labai dailiai net mezgant paprastu ra\u0161tu.<\/p>\n\n\n\n<p>\u0160ie si\u016blai puikiai tinka k\u016bdiki\u0173 ir vaik\u0173 drabu\u017eiams: megztiniams, kepur\u0117ms, pledukams, \u0161alikams ar lengviems drabu\u017e\u0117liams. Si\u016blas lengvai mezgasi, gerai laiko form\u0105 ir yra patogus kasdieniam naudojimui.<\/p>\n\n\n\n<p>D\u0117l spalvot\u0173 ta\u0161keli\u0173 mezginys atrodo \u012fdomiai net be sud\u0117ting\u0173 ra\u0161t\u0173, tod\u0117l puikiai tinka tiek pradedantiesiems, tiek patyrusioms mezg\u0117joms.<\/p>\n\n\n\n<p><strong>Savyb\u0117s:<\/strong><\/p>\n\n\n\n<p>100 % akrilas ,50 g 150 m<\/p>","protected":false},"excerpt":{"rendered":"<p>YarnArt Baby Color \u2013 \u0161veln\u016bs spalvoti si\u016blai k\u016bdiki\u0173 ir vaik\u0173 mezginiams YarnArt Baby Color \u2013 tai mink\u0161ti, lengvi ir malon\u016bs si\u016blai su subtiliais spalvotais ta\u0161keliais. \u0160velnus pastelinis pagrindas su ma\u017eais spalviniais akcentais suteikia mezginiams \u017eaismingumo ir i\u0161skirtinumo, tod\u0117l mezginiai atrodo labai dailiai net mezgant paprastu ra\u0161tu. \u0160ie si\u016blai puikiai tinka k\u016bdiki\u0173 ir vaik\u0173 drabu\u017eiams: megztiniams, [&hellip;]<\/p>","protected":false},"featured_media":26143,"template":"","meta":[],"product_brand":[],"product_cat":[296,45,94],"product_tag":[],"class_list":{"0":"post-26126","1":"product","2":"type-product","3":"status-publish","4":"has-post-thumbnail","6":"product_cat-baby-color","7":"product_cat-mezgimo-siulai","8":"product_cat-yarnart","10":"first","11":"instock","12":"taxable","13":"shipping-taxable","14":"product-type-simple"},"_links":{"self":[{"href":"https:\/\/siulaiklaipeda.eu\/en\/wp-json\/wp\/v2\/product\/26126","targetHints":{"allow":["GET"]}}],"collection":[{"href":"https:\/\/siulaiklaipeda.eu\/en\/wp-json\/wp\/v2\/product"}],"about":[{"href":"https:\/\/siulaiklaipeda.eu\/en\/wp-json\/wp\/v2\/types\/product"}],"wp:featuredmedia":[{"embeddable":true,"href":"https:\/\/siulaiklaipeda.eu\/en\/wp-json\/wp\/v2\/media\/26143"}],"wp:attachment":[{"href":"https:\/\/siulaiklaipeda.eu\/en\/wp-json\/wp\/v2\/media?parent=26126"}],"wp:term":[{"taxonomy":"product_brand","embeddable":true,"href":"https:\/\/siulaiklaipeda.eu\/en\/wp-json\/wp\/v2\/product_brand?post=26126"},{"taxonomy":"product_cat","embeddable":true,"href":"https:\/\/siulaiklaipeda.eu\/en\/wp-json\/wp\/v2\/product_cat?post=26126"},{"taxonomy":"product_tag","embeddable":true,"href":"https:\/\/siulaiklaipeda.eu\/en\/wp-json\/wp\/v2\/product_tag?post=26126"}],"curies":[{"name":"wp","href":"https:\/\/api.w.org\/{rel}","templated":true}]}}