{"id":25800,"date":"2026-02-13T17:08:59","date_gmt":"2026-02-13T15:08:59","guid":{"rendered":"https:\/\/siulaiklaipeda.eu\/?post_type=product&#038;p=25800"},"modified":"2026-02-23T18:16:08","modified_gmt":"2026-02-23T16:16:08","slug":"midara-merino-haapsalu-769","status":"publish","type":"product","link":"https:\/\/siulaiklaipeda.eu\/en\/product\/midara-merino-haapsalu-769\/","title":{"rendered":"Midara Merino Haapsalu 769"},"content":{"rendered":"<p><strong>MERINO Haapsalu \u2013 ploni 100 % merino vilnos si\u016blai<\/strong><\/p>\n\n\n\n<p>Auk\u0161tos kokyb\u0117s merino vilnos si\u016blai, skirti eleganti\u0161kiems ir lengviems mezginiams. Puikiai tinka \u0161alikams, skaroms, megztiniams, suknel\u0117ms bei \u012fvairiems aksesuarams.<\/p>\n\n\n\n<p>100 % merino vilna, 50 g 230 m <\/p>\n\n\n\n<p>\u2728 Nat\u016bralus pluo\u0161tas \u2013 kv\u0117puojantis ir \u0161iltas<br>\u2728 Lengvi, ploni, gra\u017eiai krentantys mezginiai<br>\u2728 Puikiai tinka n\u0117riniams ir subtiliems ra\u0161tams<br>\u2728 Tinka tiek kasdieniams, tiek i\u0161skirtiniams projektams<br>\u2728 Kokybi\u0161kas ir patikimas pasirinkimas mezg\u0117jams<\/p>","protected":false},"excerpt":{"rendered":"<p>MERINO Haapsalu \u2013 ploni 100 % merino vilnos si\u016blai Auk\u0161tos kokyb\u0117s merino vilnos si\u016blai, skirti eleganti\u0161kiems ir lengviems mezginiams. Puikiai tinka \u0161alikams, skaroms, megztiniams, suknel\u0117ms bei \u012fvairiems aksesuarams. 100 % merino vilna, 50 g 230 m \u2728 Nat\u016bralus pluo\u0161tas \u2013 kv\u0117puojantis ir \u0161iltas\u2728 Lengvi, ploni, gra\u017eiai krentantys mezginiai\u2728 Puikiai tinka n\u0117riniams ir subtiliems ra\u0161tams\u2728 Tinka [&hellip;]<\/p>","protected":false},"featured_media":25801,"template":"","meta":[],"product_brand":[],"product_cat":[255,264,47],"product_tag":[],"class_list":{"0":"post-25800","1":"product","2":"type-product","3":"status-publish","4":"has-post-thumbnail","6":"product_cat-midara","7":"product_cat-merino-soft","8":"product_cat-vilna","10":"first","11":"outofstock","12":"taxable","13":"shipping-taxable","14":"purchasable","15":"product-type-simple"},"_links":{"self":[{"href":"https:\/\/siulaiklaipeda.eu\/en\/wp-json\/wp\/v2\/product\/25800","targetHints":{"allow":["GET"]}}],"collection":[{"href":"https:\/\/siulaiklaipeda.eu\/en\/wp-json\/wp\/v2\/product"}],"about":[{"href":"https:\/\/siulaiklaipeda.eu\/en\/wp-json\/wp\/v2\/types\/product"}],"wp:featuredmedia":[{"embeddable":true,"href":"https:\/\/siulaiklaipeda.eu\/en\/wp-json\/wp\/v2\/media\/25801"}],"wp:attachment":[{"href":"https:\/\/siulaiklaipeda.eu\/en\/wp-json\/wp\/v2\/media?parent=25800"}],"wp:term":[{"taxonomy":"product_brand","embeddable":true,"href":"https:\/\/siulaiklaipeda.eu\/en\/wp-json\/wp\/v2\/product_brand?post=25800"},{"taxonomy":"product_cat","embeddable":true,"href":"https:\/\/siulaiklaipeda.eu\/en\/wp-json\/wp\/v2\/product_cat?post=25800"},{"taxonomy":"product_tag","embeddable":true,"href":"https:\/\/siulaiklaipeda.eu\/en\/wp-json\/wp\/v2\/product_tag?post=25800"}],"curies":[{"name":"wp","href":"https:\/\/api.w.org\/{rel}","templated":true}]}}