{"id":25754,"date":"2026-02-11T17:38:58","date_gmt":"2026-02-11T15:38:58","guid":{"rendered":"https:\/\/siulaiklaipeda.eu\/?post_type=product&#038;p=25754"},"modified":"2026-02-13T20:29:37","modified_gmt":"2026-02-13T18:29:37","slug":"midara-haapsalu-shawl-yarn-966","status":"publish","type":"product","link":"https:\/\/siulaiklaipeda.eu\/en\/product\/midara-haapsalu-shawl-yarn-966\/","title":{"rendered":"Midara Haapsalu Shawl Yarn 966"},"content":{"rendered":"<p>100% merino vilna. 100 gr., 1400m<\/p>\n\n\n\n<p>Plonas merino vilnos si\u016blas \u0161alikams ir a\u017e\u016briniams mezginiams .<\/p>\n\n\n\n<p>Puikiai tinka Haapsalu stiliaus \u0161aliams  ir n\u0117riniams Taip pat idealiai tinka kaip pagalbinis si\u016blas prie moherio si\u016bliuko <\/p>\n\n\n\n<p><\/p>","protected":false},"excerpt":{"rendered":"<p>100% merino vilna. 100 gr., 1400m Plonas merino vilnos si\u016blas \u0161alikams ir a\u017e\u016briniams mezginiams . Puikiai tinka Haapsalu stiliaus \u0161aliams ir n\u0117riniams Taip pat idealiai tinka kaip pagalbinis si\u016blas prie moherio si\u016bliuko<\/p>","protected":false},"featured_media":25751,"template":"","meta":[],"product_brand":[],"product_cat":[256,255],"product_tag":[],"class_list":{"0":"post-25754","1":"product","2":"type-product","3":"status-publish","4":"has-post-thumbnail","6":"product_cat-haapsalu-shawl-yarn","7":"product_cat-midara","9":"first","10":"instock","11":"taxable","12":"shipping-taxable","13":"purchasable","14":"product-type-simple"},"_links":{"self":[{"href":"https:\/\/siulaiklaipeda.eu\/en\/wp-json\/wp\/v2\/product\/25754","targetHints":{"allow":["GET"]}}],"collection":[{"href":"https:\/\/siulaiklaipeda.eu\/en\/wp-json\/wp\/v2\/product"}],"about":[{"href":"https:\/\/siulaiklaipeda.eu\/en\/wp-json\/wp\/v2\/types\/product"}],"wp:featuredmedia":[{"embeddable":true,"href":"https:\/\/siulaiklaipeda.eu\/en\/wp-json\/wp\/v2\/media\/25751"}],"wp:attachment":[{"href":"https:\/\/siulaiklaipeda.eu\/en\/wp-json\/wp\/v2\/media?parent=25754"}],"wp:term":[{"taxonomy":"product_brand","embeddable":true,"href":"https:\/\/siulaiklaipeda.eu\/en\/wp-json\/wp\/v2\/product_brand?post=25754"},{"taxonomy":"product_cat","embeddable":true,"href":"https:\/\/siulaiklaipeda.eu\/en\/wp-json\/wp\/v2\/product_cat?post=25754"},{"taxonomy":"product_tag","embeddable":true,"href":"https:\/\/siulaiklaipeda.eu\/en\/wp-json\/wp\/v2\/product_tag?post=25754"}],"curies":[{"name":"wp","href":"https:\/\/api.w.org\/{rel}","templated":true}]}}