{"id":25347,"date":"2026-01-30T22:53:17","date_gmt":"2026-01-30T20:53:17","guid":{"rendered":"https:\/\/siulaiklaipeda.eu\/?post_type=product&#038;p=25347"},"modified":"2026-05-10T11:59:14","modified_gmt":"2026-05-10T08:59:14","slug":"alize-3-season-630-ruda","status":"publish","type":"product","link":"https:\/\/siulaiklaipeda.eu\/en\/product\/alize-3-season-630-ruda\/","title":{"rendered":"Alize 3 Season 630 ruda"},"content":{"rendered":"<ul class=\"wp-block-list\">\n<li>Composition: 25 % wool, 24 % mohair, 51 % acrylic<\/li>\n\n\n\n<li>Length: 100 g, 500 m<\/li>\n\n\n\n<li>Recommended needles: 4.5-5.5<\/li>\n\n\n\n<li>Recommended sizes: 2.5-3.5<\/li>\n\n\n\n<li>Manufacturer: Alize, Turkey<\/li>\n<\/ul>\n\n\n\n<p>A thread that has a hair and looks luxurious in knits. Alize 3 Season is perfect for knitting both plain and garter stitch. The knits will be very light, transparent, but warm and long-lasting.<\/p>\n\n\n\n<p>Due to different monitors, shades may vary slightly<\/p>","protected":false},"excerpt":{"rendered":"<p>Si\u016blas ,turintis plauk\u0105\u00a0 ir prabangiai\u00a0 atrodantis\u00a0 mezginiuose .Alize 3 Season\u00a0 puikiai\u00a0 tinka\u00a0 megzti\u00a0 tiek lygiu mezgimu ,tiek kiaurara\u0161\u010diu .Mezginiai bus labai\u00a0 lengvi ,permatomi ,ta\u010diau \u0161ilti\u00a0 ir ilgaam\u017eiai . D\u0117l skirting\u0173 monitori\u0173 , atspalviai\u00a0 gali ne\u017eymiai skirtis<\/p>","protected":false},"featured_media":25342,"template":"","meta":[],"product_brand":[],"product_cat":[112,92,45,49],"product_tag":[],"class_list":{"0":"post-25347","1":"product","2":"type-product","3":"status-publish","4":"has-post-thumbnail","6":"product_cat-3-season","7":"product_cat-alize","8":"product_cat-mezgimo-siulai","9":"product_cat-mohera","11":"first","12":"instock","13":"taxable","14":"shipping-taxable","15":"purchasable","16":"product-type-simple"},"_links":{"self":[{"href":"https:\/\/siulaiklaipeda.eu\/en\/wp-json\/wp\/v2\/product\/25347","targetHints":{"allow":["GET"]}}],"collection":[{"href":"https:\/\/siulaiklaipeda.eu\/en\/wp-json\/wp\/v2\/product"}],"about":[{"href":"https:\/\/siulaiklaipeda.eu\/en\/wp-json\/wp\/v2\/types\/product"}],"wp:featuredmedia":[{"embeddable":true,"href":"https:\/\/siulaiklaipeda.eu\/en\/wp-json\/wp\/v2\/media\/25342"}],"wp:attachment":[{"href":"https:\/\/siulaiklaipeda.eu\/en\/wp-json\/wp\/v2\/media?parent=25347"}],"wp:term":[{"taxonomy":"product_brand","embeddable":true,"href":"https:\/\/siulaiklaipeda.eu\/en\/wp-json\/wp\/v2\/product_brand?post=25347"},{"taxonomy":"product_cat","embeddable":true,"href":"https:\/\/siulaiklaipeda.eu\/en\/wp-json\/wp\/v2\/product_cat?post=25347"},{"taxonomy":"product_tag","embeddable":true,"href":"https:\/\/siulaiklaipeda.eu\/en\/wp-json\/wp\/v2\/product_tag?post=25347"}],"curies":[{"name":"wp","href":"https:\/\/api.w.org\/{rel}","templated":true}]}}