{"id":25131,"date":"2026-01-21T15:57:20","date_gmt":"2026-01-21T13:57:20","guid":{"rendered":"https:\/\/siulaiklaipeda.eu\/?post_type=product&#038;p=25131"},"modified":"2026-03-26T21:13:48","modified_gmt":"2026-03-26T19:13:48","slug":"cotton-harmony-0218","status":"publish","type":"product","link":"https:\/\/siulaiklaipeda.eu\/en\/product\/cotton-harmony-0218\/","title":{"rendered":"Performance Cotton Harmony 0218"},"content":{"rendered":"<p><strong>Performance Cotton Harmony<\/strong> \u2013 tai auk\u0161tos kokyb\u0117s merscerizuotos medviln\u0117s si\u016blai, puikiai derinantys <strong>nat\u016bralum\u0105, tvirtum\u0105 ir malon\u0173 mezgim\u0105<\/strong>.<\/p>\n\n\n\n<p>\u0160ie si\u016blai yra <strong>\u0161veln\u016bs, tolyg\u016bs<\/strong>, tod\u0117l mezginiai atrodo tvarkingi ir ilgaam\u017eiai. Puikiai tinka tiek <strong>mezgimui, tiek n\u0117rimui<\/strong> \u2013 ra\u0161tai i\u0161ry\u0161k\u0117ja gra\u017eiai ir ai\u0161kiai.<\/p>\n\n\n\n<p> <strong>Puikus pasirinkimas<\/strong>:<\/p>\n\n\n\n<ul class=\"wp-block-list\">\n<li>vasariniams drabu\u017eiams<\/li>\n\n\n\n<li>skarel\u0117ms, palaidin\u0117ms<\/li>\n\n\n\n<li>interjero detal\u0117ms (servet\u0117l\u0117ms, krep\u0161eliams, dekorui)<\/li>\n<\/ul>\n\n\n\n<p> Cotton <strong>leid\u017eia odai kv\u0117puoti<\/strong>, tod\u0117l mezginiai komforti\u0161ki net ir \u0161iltuoju met\u0173 laiku.<\/p>\n\n\n\n<p> <strong>Savyb\u0117s<\/strong>:<\/p>\n\n\n\n<ul class=\"wp-block-list\">\n<li>Sud\u0117tis: 100 %  merscerizuota medviln\u0117<\/li>\n\n\n\n<li>Si\u016blai tvirti, bet malon\u016bs liesti<\/li>\n\n\n\n<li>Lengva prie\u017ei\u016bra<\/li>\n\n\n\n<li>Tinka jautriai odai<\/li>\n\n\n\n<li> <strong>Rekomenduojami virbalai \/ v\u0105\u0161elis<\/strong>: pagal norim\u0105 mezgimo tank\u012f<\/li>\n<\/ul>","protected":false},"excerpt":{"rendered":"<p>Performance Cotton Harmony \u2013 tai auk\u0161tos kokyb\u0117s merscerizuotos medviln\u0117s si\u016blai, puikiai derinantys nat\u016bralum\u0105, tvirtum\u0105 ir malon\u0173 mezgim\u0105. \u0160ie si\u016blai yra \u0161veln\u016bs, tolyg\u016bs, tod\u0117l mezginiai atrodo tvarkingi ir ilgaam\u017eiai. Puikiai tinka tiek mezgimui, tiek n\u0117rimui \u2013 ra\u0161tai i\u0161ry\u0161k\u0117ja gra\u017eiai ir ai\u0161kiai. Puikus pasirinkimas: Medviln\u0117 leid\u017eia odai kv\u0117puoti, tod\u0117l mezginiai komforti\u0161ki net ir \u0161iltuoju met\u0173 laiku. Savyb\u0117s:<\/p>","protected":false},"featured_media":25132,"template":"","meta":[],"product_brand":[],"product_cat":[45,293,51,46,292],"product_tag":[],"class_list":{"0":"post-25131","1":"product","2":"type-product","3":"status-publish","4":"has-post-thumbnail","6":"product_cat-mezgimo-siulai","7":"product_cat-cotton-harmony","8":"product_cat-medvilne","9":"product_cat-nerimo-siulai","10":"product_cat-performance","12":"first","13":"instock","14":"taxable","15":"shipping-taxable","16":"purchasable","17":"product-type-simple"},"_links":{"self":[{"href":"https:\/\/siulaiklaipeda.eu\/en\/wp-json\/wp\/v2\/product\/25131","targetHints":{"allow":["GET"]}}],"collection":[{"href":"https:\/\/siulaiklaipeda.eu\/en\/wp-json\/wp\/v2\/product"}],"about":[{"href":"https:\/\/siulaiklaipeda.eu\/en\/wp-json\/wp\/v2\/types\/product"}],"wp:featuredmedia":[{"embeddable":true,"href":"https:\/\/siulaiklaipeda.eu\/en\/wp-json\/wp\/v2\/media\/25132"}],"wp:attachment":[{"href":"https:\/\/siulaiklaipeda.eu\/en\/wp-json\/wp\/v2\/media?parent=25131"}],"wp:term":[{"taxonomy":"product_brand","embeddable":true,"href":"https:\/\/siulaiklaipeda.eu\/en\/wp-json\/wp\/v2\/product_brand?post=25131"},{"taxonomy":"product_cat","embeddable":true,"href":"https:\/\/siulaiklaipeda.eu\/en\/wp-json\/wp\/v2\/product_cat?post=25131"},{"taxonomy":"product_tag","embeddable":true,"href":"https:\/\/siulaiklaipeda.eu\/en\/wp-json\/wp\/v2\/product_tag?post=25131"}],"curies":[{"name":"wp","href":"https:\/\/api.w.org\/{rel}","templated":true}]}}