{"id":25103,"date":"2026-01-21T15:43:50","date_gmt":"2026-01-21T13:43:50","guid":{"rendered":"https:\/\/siulaiklaipeda.eu\/?post_type=product&#038;p=25103"},"modified":"2026-03-31T12:00:55","modified_gmt":"2026-03-31T09:00:55","slug":"ladder-7801","status":"publish","type":"product","link":"https:\/\/siulaiklaipeda.eu\/en\/product\/ladder-7801\/","title":{"rendered":"YarnArt Ladder 7801"},"content":{"rendered":"<p><strong>YarnArt Ladder<\/strong> \u2013 tai dekoratyv\u016bs, i\u0161skirtin\u0117s strukt\u016bros si\u016blai, vadinami \u201ekopet\u0117li\u0173\u201c (ladder) tipo si\u016blais. Spalvingi, blizg\u016bs intarpai \u012fausti tarp plon\u0173 gij\u0173, tod\u0117l mezginiai \u012fgauna unikal\u0173 reljef\u0105 ir i\u0161rai\u0161king\u0105 vizualin\u012f efekt\u0105 net naudojant papras\u010diausius ra\u0161tus.<\/p>\n\n\n\n<p>\u0160ie si\u016blai idealiai tinka, kai norisi <strong>akcento<\/strong>, lengvumo ir greito, bet \u012fsp\u016bdingo rezultato.<\/p>\n\n\n\n<h4 class=\"wp-block-heading\">Pritaikymas:<\/h4>\n\n\n\n<ul class=\"wp-block-list\">\n<li>\u0161alikams ir skarel\u0117ms<\/li>\n\n\n\n<li>lengviems aksesuarams<\/li>\n\n\n\n<li>dekoratyvin\u0117ms detal\u0117ms megztiniuose<\/li>\n\n\n\n<li>mezgimui kartu su kitais si\u016blais efektui i\u0161gauti<\/li>\n<\/ul>\n\n\n\n<h4 class=\"wp-block-heading\">Technin\u0117 informacija:<\/h4>\n\n\n\n<ul class=\"wp-block-list\">\n<li><strong>Sud\u0117tis:<\/strong> 100 % poliamidas<\/li>\n\n\n\n<li><strong>Svoris:<\/strong> 50 g<\/li>\n\n\n\n<li><strong>Ilgis:<\/strong> apie 160 m<\/li>\n<\/ul>","protected":false},"excerpt":{"rendered":"<p>YarnArt Ladder \u2013 tai dekoratyv\u016bs, i\u0161skirtin\u0117s strukt\u016bros si\u016blai, vadinami \u201ekopet\u0117li\u0173\u201c (ladder) tipo si\u016blais. Spalvingi, blizg\u016bs intarpai \u012fausti tarp plon\u0173 gij\u0173, tod\u0117l mezginiai \u012fgauna unikal\u0173 reljef\u0105 ir i\u0161rai\u0161king\u0105 vizualin\u012f efekt\u0105 net naudojant papras\u010diausius ra\u0161tus. \u0160ie si\u016blai idealiai tinka, kai norisi akcento, lengvumo ir greito, bet \u012fsp\u016bdingo rezultato. Pritaikymas: Technin\u0117 informacija:<\/p>","protected":false},"featured_media":25104,"template":"","meta":[],"product_brand":[],"product_cat":[45,291,94],"product_tag":[],"class_list":{"0":"post-25103","1":"product","2":"type-product","3":"status-publish","4":"has-post-thumbnail","6":"product_cat-mezgimo-siulai","7":"product_cat-ladder","8":"product_cat-yarnart","10":"first","11":"instock","12":"taxable","13":"shipping-taxable","14":"purchasable","15":"product-type-simple"},"_links":{"self":[{"href":"https:\/\/siulaiklaipeda.eu\/en\/wp-json\/wp\/v2\/product\/25103","targetHints":{"allow":["GET"]}}],"collection":[{"href":"https:\/\/siulaiklaipeda.eu\/en\/wp-json\/wp\/v2\/product"}],"about":[{"href":"https:\/\/siulaiklaipeda.eu\/en\/wp-json\/wp\/v2\/types\/product"}],"wp:featuredmedia":[{"embeddable":true,"href":"https:\/\/siulaiklaipeda.eu\/en\/wp-json\/wp\/v2\/media\/25104"}],"wp:attachment":[{"href":"https:\/\/siulaiklaipeda.eu\/en\/wp-json\/wp\/v2\/media?parent=25103"}],"wp:term":[{"taxonomy":"product_brand","embeddable":true,"href":"https:\/\/siulaiklaipeda.eu\/en\/wp-json\/wp\/v2\/product_brand?post=25103"},{"taxonomy":"product_cat","embeddable":true,"href":"https:\/\/siulaiklaipeda.eu\/en\/wp-json\/wp\/v2\/product_cat?post=25103"},{"taxonomy":"product_tag","embeddable":true,"href":"https:\/\/siulaiklaipeda.eu\/en\/wp-json\/wp\/v2\/product_tag?post=25103"}],"curies":[{"name":"wp","href":"https:\/\/api.w.org\/{rel}","templated":true}]}}