{"id":25087,"date":"2026-01-21T15:32:27","date_gmt":"2026-01-21T13:32:27","guid":{"rendered":"https:\/\/siulaiklaipeda.eu\/?post_type=product&#038;p=25087"},"modified":"2026-02-13T18:47:09","modified_gmt":"2026-02-13T16:47:09","slug":"intense-linen-4128","status":"publish","type":"product","link":"https:\/\/siulaiklaipeda.eu\/en\/product\/intense-linen-4128\/","title":{"rendered":"YarnArt Intense Linen 4128"},"content":{"rendered":"<h3 class=\"wp-block-heading\"><strong>YarnArt Intense Linen<\/strong><\/h3>\n\n\n\n<p>Lengvi, nat\u016bralios i\u0161vaizdos <strong>ploni si\u016blai<\/strong>, kuriuose dera <strong>45 % linas<\/strong> ir <strong>55 % viskoz\u0117<\/strong>. \u0160is derinys suteikia mezginiams vasari\u0161k\u0105 gaiv\u0105, malon\u0173 kritim\u0105 ir \u0161velnesn\u012f poj\u016bt\u012f nei grynas linas.<\/p>\n\n\n\n<p>Linas u\u017etikrina nat\u016bralum\u0105 ir strukt\u016br\u0105, o viskoz\u0117 \u2013 mink\u0161tum\u0105, subtil\u0173 blizges\u012f bei gra\u017e\u0173 mezginio kritim\u0105. Puikus pasirinkimas lengviems, kv\u0117puojantiems drabu\u017eiams ir aksesuarams \u0161iltajam sezonui.<\/p>\n\n\n\n<p><strong>Puikiai tinka megzti ir nerti:<\/strong><\/p>\n\n\n\n<ul class=\"wp-block-list\">\n<li>vasarinius megztinius ir palaidines<\/li>\n\n\n\n<li>topus ir sukneles<\/li>\n\n\n\n<li>\u0161alik\u0117lius<\/li>\n\n\n\n<li>lengvus aksesuarus<\/li>\n<\/ul>\n\n\n\n<p><\/p>\n\n\n\n<ul class=\"wp-block-list\">\n<li><strong>Sud\u0117tis:<\/strong> 45 % linas, 55 % viskoz\u0117<\/li>\n\n\n\n<li><strong>Svoris:<\/strong> 50 g<\/li>\n\n\n\n<li><strong>Ilgis:<\/strong> ~175 m<\/li>\n<\/ul>\n\n\n\n<p> Idealus pasirinkimas vertinantiems <strong>nat\u016bralum\u0105, lengvum\u0105 ir vasari\u0161k\u0105 komfor<\/strong>t\u0105<\/p>\n\n\n\n<p><\/p>","protected":false},"excerpt":{"rendered":"<p>YarnArt Intense Linen Lengvi, nat\u016bralios i\u0161vaizdos ploni si\u016blai, kuriuose dera 45 % linas ir 55 % viskoz\u0117. \u0160is derinys suteikia mezginiams vasari\u0161k\u0105 gaiv\u0105, malon\u0173 kritim\u0105 ir \u0161velnesn\u012f poj\u016bt\u012f nei grynas linas. Linas u\u017etikrina nat\u016bralum\u0105 ir strukt\u016br\u0105, o viskoz\u0117 \u2013 mink\u0161tum\u0105, subtil\u0173 blizges\u012f bei gra\u017e\u0173 mezginio kritim\u0105. Puikus pasirinkimas lengviems, kv\u0117puojantiems drabu\u017eiams ir aksesuarams \u0161iltajam sezonui. [&hellip;]<\/p>","protected":false},"featured_media":25088,"template":"","meta":[],"product_brand":[],"product_cat":[45,290,94],"product_tag":[],"class_list":{"0":"post-25087","1":"product","2":"type-product","3":"status-publish","4":"has-post-thumbnail","6":"product_cat-mezgimo-siulai","7":"product_cat-intense-linen","8":"product_cat-yarnart","10":"first","11":"outofstock","12":"taxable","13":"shipping-taxable","14":"purchasable","15":"product-type-simple"},"_links":{"self":[{"href":"https:\/\/siulaiklaipeda.eu\/en\/wp-json\/wp\/v2\/product\/25087","targetHints":{"allow":["GET"]}}],"collection":[{"href":"https:\/\/siulaiklaipeda.eu\/en\/wp-json\/wp\/v2\/product"}],"about":[{"href":"https:\/\/siulaiklaipeda.eu\/en\/wp-json\/wp\/v2\/types\/product"}],"wp:featuredmedia":[{"embeddable":true,"href":"https:\/\/siulaiklaipeda.eu\/en\/wp-json\/wp\/v2\/media\/25088"}],"wp:attachment":[{"href":"https:\/\/siulaiklaipeda.eu\/en\/wp-json\/wp\/v2\/media?parent=25087"}],"wp:term":[{"taxonomy":"product_brand","embeddable":true,"href":"https:\/\/siulaiklaipeda.eu\/en\/wp-json\/wp\/v2\/product_brand?post=25087"},{"taxonomy":"product_cat","embeddable":true,"href":"https:\/\/siulaiklaipeda.eu\/en\/wp-json\/wp\/v2\/product_cat?post=25087"},{"taxonomy":"product_tag","embeddable":true,"href":"https:\/\/siulaiklaipeda.eu\/en\/wp-json\/wp\/v2\/product_tag?post=25087"}],"curies":[{"name":"wp","href":"https:\/\/api.w.org\/{rel}","templated":true}]}}