{"id":24525,"date":"2026-01-07T21:29:31","date_gmt":"2026-01-07T19:29:31","guid":{"rendered":"https:\/\/siulaiklaipeda.eu\/?post_type=product&#038;p=24525"},"modified":"2026-03-04T11:29:06","modified_gmt":"2026-03-04T09:29:06","slug":"gazzal-exclusive-9924-2","status":"publish","type":"product","link":"https:\/\/siulaiklaipeda.eu\/en\/product\/gazzal-exclusive-9924-2\/","title":{"rendered":"Gazzal Exclusive 9924"},"content":{"rendered":"<p><strong>Gazzal Exclusive<\/strong> \u2013 prabanga tavo mezginiui! <br>\u0160ie auk\u0161tos kokyb\u0117s si\u016blai sukurti tikram mezgimo malonumui \u2013 lengvi, \u0161veln\u016bs ir be galo eleganti\u0161ki. Tobulai tinka tiek kasdieniams mezginiams, tiek ypatingiems projektams, kuriuose norisi i\u0161skirtinumo.<\/p>\n\n\n\n<p><strong>Sud\u0117tis:<\/strong><br>\u2022 60% Superwash merino vilna<br>\u2022 10% Super Kid mohera<br>\u2022 30% \u0161ilkas<\/p>\n\n\n\n<p><strong>Svoris \/ Ilgis:<\/strong> 25 g = apie 200 m<br> <strong>Rekomenduojami virbalai:<\/strong> 2\u20133 mm<br> Skalbti rankomis (d\u0117l \u0161ilko ir moheros \u2013 reikalinga \u0161velni prie\u017ei\u016bra)<\/p>","protected":false},"excerpt":{"rendered":"<p>Gazzal Exclusive \u2013 prabanga tavo mezginiui! \u0160ie auk\u0161tos kokyb\u0117s si\u016blai sukurti tikram mezgimo malonumui \u2013 lengvi, \u0161veln\u016bs ir be galo eleganti\u0161ki. Tobulai tinka tiek kasdieniams mezginiams, tiek ypatingiems projektams, kuriuose norisi i\u0161skirtinumo. Sud\u0117tis:\u2022 60% Superwash merino vilna\u2022 10% Super Kid mohera\u2022 30% \u0161ilkas Svoris \/ Ilgis: 25 g = apie 200 m Rekomenduojami virbalai: 2\u20133 [&hellip;]<\/p>","protected":false},"featured_media":24523,"template":"","meta":[],"product_brand":[],"product_cat":[97,260,47],"product_tag":[],"class_list":{"0":"post-24525","1":"product","2":"type-product","3":"status-publish","4":"has-post-thumbnail","6":"product_cat-gazzal","7":"product_cat-exclusive","8":"product_cat-vilna","10":"first","11":"instock","12":"taxable","13":"shipping-taxable","14":"purchasable","15":"product-type-simple"},"_links":{"self":[{"href":"https:\/\/siulaiklaipeda.eu\/en\/wp-json\/wp\/v2\/product\/24525","targetHints":{"allow":["GET"]}}],"collection":[{"href":"https:\/\/siulaiklaipeda.eu\/en\/wp-json\/wp\/v2\/product"}],"about":[{"href":"https:\/\/siulaiklaipeda.eu\/en\/wp-json\/wp\/v2\/types\/product"}],"wp:featuredmedia":[{"embeddable":true,"href":"https:\/\/siulaiklaipeda.eu\/en\/wp-json\/wp\/v2\/media\/24523"}],"wp:attachment":[{"href":"https:\/\/siulaiklaipeda.eu\/en\/wp-json\/wp\/v2\/media?parent=24525"}],"wp:term":[{"taxonomy":"product_brand","embeddable":true,"href":"https:\/\/siulaiklaipeda.eu\/en\/wp-json\/wp\/v2\/product_brand?post=24525"},{"taxonomy":"product_cat","embeddable":true,"href":"https:\/\/siulaiklaipeda.eu\/en\/wp-json\/wp\/v2\/product_cat?post=24525"},{"taxonomy":"product_tag","embeddable":true,"href":"https:\/\/siulaiklaipeda.eu\/en\/wp-json\/wp\/v2\/product_tag?post=24525"}],"curies":[{"name":"wp","href":"https:\/\/api.w.org\/{rel}","templated":true}]}}