{"id":24263,"date":"2025-12-30T17:30:08","date_gmt":"2025-12-30T15:30:08","guid":{"rendered":"https:\/\/siulaiklaipeda.eu\/?post_type=product&#038;p=24263"},"modified":"2026-03-28T11:43:41","modified_gmt":"2026-03-28T09:43:41","slug":"lanoso-dolce-946","status":"publish","type":"product","link":"https:\/\/siulaiklaipeda.eu\/en\/product\/lanoso-dolce-946\/","title":{"rendered":"Lanoso Dolce 946"},"content":{"rendered":"<p>LANOSO Dolce \u2013 p\u016bkuoti si\u016blai LANOSO Dolce \u2013 itin mink\u0161ti, \u0161veln\u016bs ir pur\u016bs si\u016blai, primenantys kailiuk\u0105. Puikus pasirinkimas jaukiems, \u0161iltiems ir maloniems mezginiams \u0160ie si\u016bllai  engvai mezgasi, gra\u017eiai krenta, suteikia gaminiams purumo ir \u0161ilumos.<\/p>\n\n\n\n<p>  Sud\u0117tis 100 % mikro poliesteris <\/p>\n\n\n\n<p>Savyb\u0117s Svoris: 100 g Ilgis: ~64 m<\/p>\n\n\n\n<p><\/p>","protected":false},"excerpt":{"rendered":"<p>LANOSO Dolce \u2013 p\u016bkuoti si\u016blai LANOSO Dolce \u2013 itin mink\u0161ti, \u0161veln\u016bs ir pur\u016bs si\u016blai, primenantys kailiuk\u0105. Puikus pasirinkimas jaukiems, \u0161iltiems ir maloniems mezginiams \u0160ie si\u016bllai engvai mezgasi, gra\u017eiai krenta, suteikia gaminiams purumo ir \u0161ilumos. Sud\u0117tis 100 % mikro poliesteris Savyb\u0117s Svoris: 100 g Ilgis: ~64 m<\/p>","protected":false},"featured_media":24558,"template":"","meta":[],"product_brand":[],"product_cat":[154,287,152,45],"product_tag":[],"class_list":{"0":"post-24263","1":"product","2":"type-product","3":"status-publish","4":"has-post-thumbnail","6":"product_cat-lanoso-2","7":"product_cat-dolce-lanoso-2","8":"product_cat-kailiniai-siulai","9":"product_cat-mezgimo-siulai","11":"first","12":"instock","13":"taxable","14":"shipping-taxable","15":"purchasable","16":"product-type-simple"},"_links":{"self":[{"href":"https:\/\/siulaiklaipeda.eu\/en\/wp-json\/wp\/v2\/product\/24263","targetHints":{"allow":["GET"]}}],"collection":[{"href":"https:\/\/siulaiklaipeda.eu\/en\/wp-json\/wp\/v2\/product"}],"about":[{"href":"https:\/\/siulaiklaipeda.eu\/en\/wp-json\/wp\/v2\/types\/product"}],"wp:featuredmedia":[{"embeddable":true,"href":"https:\/\/siulaiklaipeda.eu\/en\/wp-json\/wp\/v2\/media\/24558"}],"wp:attachment":[{"href":"https:\/\/siulaiklaipeda.eu\/en\/wp-json\/wp\/v2\/media?parent=24263"}],"wp:term":[{"taxonomy":"product_brand","embeddable":true,"href":"https:\/\/siulaiklaipeda.eu\/en\/wp-json\/wp\/v2\/product_brand?post=24263"},{"taxonomy":"product_cat","embeddable":true,"href":"https:\/\/siulaiklaipeda.eu\/en\/wp-json\/wp\/v2\/product_cat?post=24263"},{"taxonomy":"product_tag","embeddable":true,"href":"https:\/\/siulaiklaipeda.eu\/en\/wp-json\/wp\/v2\/product_tag?post=24263"}],"curies":[{"name":"wp","href":"https:\/\/api.w.org\/{rel}","templated":true}]}}