{"id":23670,"date":"2025-11-28T16:28:23","date_gmt":"2025-11-28T14:28:23","guid":{"rendered":"https:\/\/siulaiklaipeda.eu\/?post_type=product&#038;p=23670"},"modified":"2026-04-15T10:40:50","modified_gmt":"2026-04-15T07:40:50","slug":"3-season-62","status":"publish","type":"product","link":"https:\/\/siulaiklaipeda.eu\/en\/product\/3-season-62\/","title":{"rendered":"Alize 3 Season 62"},"content":{"rendered":"<ul class=\"wp-block-list\">\n<li>Composition: 25 % wool, 24 % mohair, 51 % acrylic<\/li>\n\n\n\n<li>Length: 100 g, 500 m<\/li>\n\n\n\n<li>Recommended needles: 4.5-5.5<\/li>\n\n\n\n<li>Recommended sizes: 2.5-3.5<\/li>\n\n\n\n<li>Manufacturer: Alize, Turkey<\/li>\n<\/ul>\n\n\n\n<p>Si\u016blas ,turintis plauk\u0105&nbsp; ir prabangiai&nbsp; atrodantis&nbsp; mezginiuose .Alize 3 Season&nbsp; puikiai&nbsp; tinka&nbsp; megzti&nbsp; tiek lygiu mezgimu ,tiek kiaurara\u0161\u010diu .Mezginiai bus labai&nbsp; lengvi ,permatomi ,ta\u010diau \u0161ilti&nbsp; ir ilgaam\u017eiai .<\/p>\n\n\n\n<p>D\u0117l skirting\u0173 monitori\u0173 , atspalviai&nbsp; gali ne\u017eymiai skirtis<\/p>","protected":false},"excerpt":{"rendered":"<p>Si\u016blas ,turintis plauk\u0105&nbsp; ir prabangiai&nbsp; atrodantis&nbsp; mezginiuose .Alize 3 Season&nbsp; puikiai&nbsp; tinka&nbsp; megzti&nbsp; tiek lygiu mezgimu ,tiek kiaurara\u0161\u010diu .Mezginiai bus labai&nbsp; lengvi ,permatomi ,ta\u010diau \u0161ilti&nbsp; ir ilgaam\u017eiai . D\u0117l skirting\u0173 monitori\u0173 , atspalviai&nbsp; gali ne\u017eymiai skirtis<\/p>","protected":false},"featured_media":24131,"template":"","meta":[],"product_brand":[],"product_cat":[45,112,92],"product_tag":[],"class_list":{"0":"post-23670","1":"product","2":"type-product","3":"status-publish","4":"has-post-thumbnail","6":"product_cat-mezgimo-siulai","7":"product_cat-3-season","8":"product_cat-alize","10":"first","11":"instock","12":"taxable","13":"shipping-taxable","14":"purchasable","15":"product-type-simple"},"_links":{"self":[{"href":"https:\/\/siulaiklaipeda.eu\/en\/wp-json\/wp\/v2\/product\/23670","targetHints":{"allow":["GET"]}}],"collection":[{"href":"https:\/\/siulaiklaipeda.eu\/en\/wp-json\/wp\/v2\/product"}],"about":[{"href":"https:\/\/siulaiklaipeda.eu\/en\/wp-json\/wp\/v2\/types\/product"}],"wp:featuredmedia":[{"embeddable":true,"href":"https:\/\/siulaiklaipeda.eu\/en\/wp-json\/wp\/v2\/media\/24131"}],"wp:attachment":[{"href":"https:\/\/siulaiklaipeda.eu\/en\/wp-json\/wp\/v2\/media?parent=23670"}],"wp:term":[{"taxonomy":"product_brand","embeddable":true,"href":"https:\/\/siulaiklaipeda.eu\/en\/wp-json\/wp\/v2\/product_brand?post=23670"},{"taxonomy":"product_cat","embeddable":true,"href":"https:\/\/siulaiklaipeda.eu\/en\/wp-json\/wp\/v2\/product_cat?post=23670"},{"taxonomy":"product_tag","embeddable":true,"href":"https:\/\/siulaiklaipeda.eu\/en\/wp-json\/wp\/v2\/product_tag?post=23670"}],"curies":[{"name":"wp","href":"https:\/\/api.w.org\/{rel}","templated":true}]}}