{"id":22665,"date":"2025-11-04T11:58:12","date_gmt":"2025-11-04T09:58:12","guid":{"rendered":"https:\/\/siulaiklaipeda.eu\/?post_type=product&#038;p=22665"},"modified":"2026-04-09T18:31:04","modified_gmt":"2026-04-09T15:31:04","slug":"wolans-bunny-baby-80","status":"publish","type":"product","link":"https:\/\/siulaiklaipeda.eu\/en\/product\/wolans-bunny-baby-80\/","title":{"rendered":"Wolans Bunny Baby 80"},"content":{"rendered":"<ul class=\"wp-block-list\">\n<li>Composition: 100 % super soft polyester<\/li>\n\n\n\n<li>Length: 100 g, 120 m<\/li>\n\n\n\n<li>Recommended brush: No. 4.5<\/li>\n\n\n\n<li>Recommended needles: No. 6<\/li>\n\n\n\n<li>Manufacturer: Wolans Yarn, Turkey<\/li>\n<\/ul>\n\n\n\n<p>Ypatingo \u0161velnumo&nbsp; pliu\u0161iniai si\u016blai \u017eaislams ,pledams ,megztiniams .<\/p>","protected":false},"excerpt":{"rendered":"<p>Ypatingo \u0161velnumo&nbsp; pliu\u0161iniai si\u016blai \u017eaislams ,pledams ,megztiniams .<\/p>","protected":false},"featured_media":23076,"template":"","meta":[],"product_brand":[],"product_cat":[169,170,95],"product_tag":[],"class_list":{"0":"post-22665","1":"product","2":"type-product","3":"status-publish","4":"has-post-thumbnail","6":"product_cat-wolans","7":"product_cat-bunny-baby","8":"product_cat-wolans-yarns","10":"first","11":"instock","12":"taxable","13":"shipping-taxable","14":"purchasable","15":"product-type-simple"},"_links":{"self":[{"href":"https:\/\/siulaiklaipeda.eu\/en\/wp-json\/wp\/v2\/product\/22665","targetHints":{"allow":["GET"]}}],"collection":[{"href":"https:\/\/siulaiklaipeda.eu\/en\/wp-json\/wp\/v2\/product"}],"about":[{"href":"https:\/\/siulaiklaipeda.eu\/en\/wp-json\/wp\/v2\/types\/product"}],"wp:featuredmedia":[{"embeddable":true,"href":"https:\/\/siulaiklaipeda.eu\/en\/wp-json\/wp\/v2\/media\/23076"}],"wp:attachment":[{"href":"https:\/\/siulaiklaipeda.eu\/en\/wp-json\/wp\/v2\/media?parent=22665"}],"wp:term":[{"taxonomy":"product_brand","embeddable":true,"href":"https:\/\/siulaiklaipeda.eu\/en\/wp-json\/wp\/v2\/product_brand?post=22665"},{"taxonomy":"product_cat","embeddable":true,"href":"https:\/\/siulaiklaipeda.eu\/en\/wp-json\/wp\/v2\/product_cat?post=22665"},{"taxonomy":"product_tag","embeddable":true,"href":"https:\/\/siulaiklaipeda.eu\/en\/wp-json\/wp\/v2\/product_tag?post=22665"}],"curies":[{"name":"wp","href":"https:\/\/api.w.org\/{rel}","templated":true}]}}