{"id":22500,"date":"2025-10-31T16:34:17","date_gmt":"2025-10-31T14:34:17","guid":{"rendered":"https:\/\/siulaiklaipeda.eu\/?post_type=product&#038;p=22500"},"modified":"2025-12-27T13:16:40","modified_gmt":"2025-12-27T11:16:40","slug":"fibra-natura-dona-106-28","status":"publish","type":"product","link":"https:\/\/siulaiklaipeda.eu\/en\/product\/fibra-natura-dona-106-28\/","title":{"rendered":"Fibra Natura Dona 106-28"},"content":{"rendered":"<ul class=\"wp-block-list\">\n<li>Composition: 100 % Superwash merino wool<\/li>\n\n\n\n<li>Length: 50 g, 115 m<\/li>\n\n\n\n<li>Manufacturer: Fibranatura, Turkey<\/li>\n<\/ul>\n\n\n\n<p>Tai prabang\u016bs&nbsp; merino&nbsp; vilnel\u0117s&nbsp; si\u016blai , skirti \u0161iltiems&nbsp; \u017eieminiams mezginiams . Si\u016blas ypatingai \u0161velnus , malonus liesti ,tolygaus&nbsp; verpimo ,nedirgina odos . Mezgasi labai lengvai , tinka&nbsp; \u012fvairiausi mezgimo&nbsp; ra\u0161tai . Fibranatura&nbsp; Dona &#8211; si\u016blas&nbsp; patiems ma\u017eiausiems&nbsp; vaikams ir suaugusiems.<\/p>","protected":false},"excerpt":{"rendered":"<p>Tai prabang\u016bs&nbsp; merino&nbsp; vilnel\u0117s&nbsp; si\u016blai , skirti \u0161iltiems&nbsp; \u017eieminiams mezginiams . Si\u016blas ypatingai \u0161velnus , malonus liesti ,tolygaus&nbsp; verpimo ,nedirgina odos . Mezgasi labai lengvai , tinka&nbsp; \u012fvairiausi mezgimo&nbsp; ra\u0161tai . Fibranatura&nbsp; Dona &#8211; si\u016blas&nbsp; patiems ma\u017eiausiems&nbsp; vaikams ir suaugusiems.<\/p>","protected":false},"featured_media":22530,"template":"","meta":[],"product_brand":[],"product_cat":[45,166,91,56,47],"product_tag":[],"class_list":{"0":"post-22500","1":"product","2":"type-product","3":"status-publish","4":"has-post-thumbnail","6":"product_cat-mezgimo-siulai","7":"product_cat-dona","8":"product_cat-fibra-natura","9":"product_cat-vaikiski-siulai","10":"product_cat-vilna","12":"first","13":"instock","14":"taxable","15":"shipping-taxable","16":"purchasable","17":"product-type-simple"},"_links":{"self":[{"href":"https:\/\/siulaiklaipeda.eu\/en\/wp-json\/wp\/v2\/product\/22500","targetHints":{"allow":["GET"]}}],"collection":[{"href":"https:\/\/siulaiklaipeda.eu\/en\/wp-json\/wp\/v2\/product"}],"about":[{"href":"https:\/\/siulaiklaipeda.eu\/en\/wp-json\/wp\/v2\/types\/product"}],"wp:featuredmedia":[{"embeddable":true,"href":"https:\/\/siulaiklaipeda.eu\/en\/wp-json\/wp\/v2\/media\/22530"}],"wp:attachment":[{"href":"https:\/\/siulaiklaipeda.eu\/en\/wp-json\/wp\/v2\/media?parent=22500"}],"wp:term":[{"taxonomy":"product_brand","embeddable":true,"href":"https:\/\/siulaiklaipeda.eu\/en\/wp-json\/wp\/v2\/product_brand?post=22500"},{"taxonomy":"product_cat","embeddable":true,"href":"https:\/\/siulaiklaipeda.eu\/en\/wp-json\/wp\/v2\/product_cat?post=22500"},{"taxonomy":"product_tag","embeddable":true,"href":"https:\/\/siulaiklaipeda.eu\/en\/wp-json\/wp\/v2\/product_tag?post=22500"}],"curies":[{"name":"wp","href":"https:\/\/api.w.org\/{rel}","templated":true}]}}