{"id":22138,"date":"2025-10-17T15:04:19","date_gmt":"2025-10-17T13:04:19","guid":{"rendered":"https:\/\/siulaiklaipeda.eu\/?post_type=product&#038;p=22138"},"modified":"2026-02-23T18:44:25","modified_gmt":"2026-02-23T16:44:25","slug":"alize-mohair-classic-406","status":"publish","type":"product","link":"https:\/\/siulaiklaipeda.eu\/en\/product\/alize-mohair-classic-406\/","title":{"rendered":"Alize Mohair Classic 406"},"content":{"rendered":"<ul class=\"wp-block-list\">\n<li>Sud\u0117tis : 25 % vilna&nbsp; , 24 % mohera , 51 % akrilas<\/li>\n\n\n\n<li>Length: 100 g, 200 m<\/li>\n\n\n\n<li>Recommended needles: 5-7<\/li>\n\n\n\n<li>Recommended pods: 2-4<\/li>\n\n\n\n<li>Manufacturer: Alize, Turkey<\/li>\n<\/ul>\n\n\n\n<p>Si\u016blas ,turintis ilg\u0105 plauk\u0105 ,nuostabiai atrodantis&nbsp; mezginiuose .\u0160iam si\u016blui nereikia rinktis ra\u0161t\u0173 ,puikiai tinka ir lygus mezgimas .Galima&nbsp; megzti&nbsp; kepures , \u0161alikus , kojines , liemenes megztinius .Mezginiai bus labai \u0161ilti ir ilgaam\u017eiai .<\/p>\n\n\n\n<p>D\u0117l skirting\u0173 monitori\u0173 , atspalviai&nbsp; gali ne\u017eymiai skirtis<\/p>","protected":false},"excerpt":{"rendered":"<p>Si\u016blas ,turintis ilg\u0105 plauk\u0105 ,nuostabiai atrodantis&nbsp; mezginiuose .\u0160iam si\u016blui nereikia rinktis ra\u0161t\u0173 ,puikiai tinka ir lygus mezgimas .Galima&nbsp; megzti&nbsp; kepures , \u0161alikus , kojines , liemenes megztinius .Mezginiai bus labai \u0161ilti ir ilgaam\u017eiai . D\u0117l skirting\u0173 monitori\u0173 , atspalviai&nbsp; gali ne\u017eymiai skirtis<\/p>","protected":false},"featured_media":24762,"template":"","meta":[],"product_brand":[],"product_cat":[92,133],"product_tag":[],"class_list":{"0":"post-22138","1":"product","2":"type-product","3":"status-publish","4":"has-post-thumbnail","6":"product_cat-alize","7":"product_cat-mohair-classic","9":"first","10":"instock","11":"taxable","12":"shipping-taxable","13":"purchasable","14":"product-type-simple"},"_links":{"self":[{"href":"https:\/\/siulaiklaipeda.eu\/en\/wp-json\/wp\/v2\/product\/22138","targetHints":{"allow":["GET"]}}],"collection":[{"href":"https:\/\/siulaiklaipeda.eu\/en\/wp-json\/wp\/v2\/product"}],"about":[{"href":"https:\/\/siulaiklaipeda.eu\/en\/wp-json\/wp\/v2\/types\/product"}],"wp:featuredmedia":[{"embeddable":true,"href":"https:\/\/siulaiklaipeda.eu\/en\/wp-json\/wp\/v2\/media\/24762"}],"wp:attachment":[{"href":"https:\/\/siulaiklaipeda.eu\/en\/wp-json\/wp\/v2\/media?parent=22138"}],"wp:term":[{"taxonomy":"product_brand","embeddable":true,"href":"https:\/\/siulaiklaipeda.eu\/en\/wp-json\/wp\/v2\/product_brand?post=22138"},{"taxonomy":"product_cat","embeddable":true,"href":"https:\/\/siulaiklaipeda.eu\/en\/wp-json\/wp\/v2\/product_cat?post=22138"},{"taxonomy":"product_tag","embeddable":true,"href":"https:\/\/siulaiklaipeda.eu\/en\/wp-json\/wp\/v2\/product_tag?post=22138"}],"curies":[{"name":"wp","href":"https:\/\/api.w.org\/{rel}","templated":true}]}}