{"id":21928,"date":"2025-10-09T09:57:51","date_gmt":"2025-10-09T07:57:51","guid":{"rendered":"https:\/\/siulaiklaipeda.eu\/?post_type=product&#038;p=21928"},"modified":"2026-01-31T12:08:52","modified_gmt":"2026-01-31T10:08:52","slug":"gazzal-baby-alpaca-pure-color-6454","status":"publish","type":"product","link":"https:\/\/siulaiklaipeda.eu\/en\/product\/gazzal-baby-alpaca-pure-color-6454\/","title":{"rendered":"Gazzal Baby Alpaca Pure Colors 6450"},"content":{"rendered":"<p>Atraskite ypating\u0105 \u0161velnum\u0105 ir prabang\u0105 su <strong>Gazzal Baby Alpaca<\/strong> Pure Colors  si\u016blais!<br>\u0160is si\u016blas sukurtas i\u0161 kruop\u0161\u010diai atrinkto pluo\u0161t\u0173 derinio \u2013 55% Baby Alpaca ir 45% Superwash Merino Fine vilna. Abu pluo\u0161tai papildo vienas kit\u0105: alpaka suteikia \u0161ilumos, mink\u0161tumo ir lengvumo, o merino vilna \u2013 elastingumo, ilgaam\u017ei\u0161kumo ir prakti\u0161kumo.<\/p>\n\n\n\n<ul class=\"wp-block-list\">\n<li>Sud\u0117tis: 55% Baby Alpaca, 45% Superwash Merino Fine<\/li>\n\n\n\n<li>Kamuoliuko svoris: 50 g<\/li>\n\n\n\n<li>Ilgis: ~160 m<\/li>\n\n\n\n<li>Rekomenduojami virbalai: 3,0 \u2013 3,5 mm<\/li>\n\n\n\n<li>Prie\u017ei\u016bra: skalbti rankomis arba \u0161velniu re\u017eimu, ned\u017eiovinti d\u017eiovykl\u0117je<\/li>\n<\/ul>","protected":false},"excerpt":{"rendered":"<p>Atraskite ypating\u0105 \u0161velnum\u0105 ir prabang\u0105 su Gazzal Baby Alpaca Pure Colors si\u016blais!\u0160is si\u016blas sukurtas i\u0161 kruop\u0161\u010diai atrinkto pluo\u0161t\u0173 derinio \u2013 55% Baby Alpaca ir 45% Superwash Merino Fine vilna. Abu pluo\u0161tai papildo vienas kit\u0105: alpaka suteikia \u0161ilumos, mink\u0161tumo ir lengvumo, o merino vilna \u2013 elastingumo, ilgaam\u017ei\u0161kumo ir prakti\u0161kumo.<\/p>","protected":false},"featured_media":23428,"template":"","meta":[],"product_brand":[],"product_cat":[97,266,277,254],"product_tag":[],"class_list":{"0":"post-21928","1":"product","2":"type-product","3":"status-publish","4":"has-post-thumbnail","6":"product_cat-gazzal","7":"product_cat-baby-alpaca","8":"product_cat-baby-alpaca-pure-color","9":"product_cat-ispardavimas","11":"first","12":"outofstock","13":"sale","14":"taxable","15":"shipping-taxable","16":"purchasable","17":"product-type-simple"},"_links":{"self":[{"href":"https:\/\/siulaiklaipeda.eu\/en\/wp-json\/wp\/v2\/product\/21928","targetHints":{"allow":["GET"]}}],"collection":[{"href":"https:\/\/siulaiklaipeda.eu\/en\/wp-json\/wp\/v2\/product"}],"about":[{"href":"https:\/\/siulaiklaipeda.eu\/en\/wp-json\/wp\/v2\/types\/product"}],"wp:featuredmedia":[{"embeddable":true,"href":"https:\/\/siulaiklaipeda.eu\/en\/wp-json\/wp\/v2\/media\/23428"}],"wp:attachment":[{"href":"https:\/\/siulaiklaipeda.eu\/en\/wp-json\/wp\/v2\/media?parent=21928"}],"wp:term":[{"taxonomy":"product_brand","embeddable":true,"href":"https:\/\/siulaiklaipeda.eu\/en\/wp-json\/wp\/v2\/product_brand?post=21928"},{"taxonomy":"product_cat","embeddable":true,"href":"https:\/\/siulaiklaipeda.eu\/en\/wp-json\/wp\/v2\/product_cat?post=21928"},{"taxonomy":"product_tag","embeddable":true,"href":"https:\/\/siulaiklaipeda.eu\/en\/wp-json\/wp\/v2\/product_tag?post=21928"}],"curies":[{"name":"wp","href":"https:\/\/api.w.org\/{rel}","templated":true}]}}