{"id":21839,"date":"2025-10-07T15:04:37","date_gmt":"2025-10-07T13:04:37","guid":{"rendered":"https:\/\/siulaiklaipeda.eu\/?post_type=product&#038;p=21839"},"modified":"2025-11-03T19:22:14","modified_gmt":"2025-11-03T17:22:14","slug":"gazzal-wool-star-3827","status":"publish","type":"product","link":"https:\/\/siulaiklaipeda.eu\/en\/product\/gazzal-wool-star-3827\/","title":{"rendered":"Gazzal Wool Star 3827"},"content":{"rendered":"<h3 class=\"wp-block-heading\">Gazzal Wool Star \u2013 100 % superwash merino vilnos si\u016blai<\/h3>\n\n\n\n<p><strong>Gazzal Wool Star<\/strong> \u2013 tai auk\u0161\u010diausios kokyb\u0117s <strong>merino vilnos si\u016blai<\/strong>, pasi\u017eymintys ypatingu \u0161velnumu, \u0161iluma ir elastingumu. \u0160is si\u016blas pagamintas i\u0161 100 % nat\u016bralios  superwash  <strong>merino vilnos<\/strong>, tod\u0117l mezginiai tampa malon\u016bs prie k\u016bno, lengvi ir kv\u0117puojantys.<\/p>\n\n\n\n<p> <strong>Sud\u0117tis:<\/strong> 100 % Superwash merino vilna<br><strong>Svoris:<\/strong> 100 g<br> <strong>Ilgis:<\/strong> ~350  m<br> <strong>Rekomenduojami virbalai:<\/strong> 3,5 -4 mm<\/p>\n\n\n\n<p><strong>Apra\u0161ymas:<\/strong><br>\u201eGazzal Wool Star\u201c \u2013 idealus pasirinkimas megztiniams, skaroms, kepur\u0117ms ar kardiganams. Merino vilna palaiko optimali\u0105 k\u016bno temperat\u016br\u0105 \u2013 \u0161ildo, bet neleid\u017eia perkaisti. Si\u016blas yra glotnus, tod\u0117l mezginiai atrodo tvarkingai ir profesionaliai, nesivelia ir ilgai i\u0161laiko form\u0105.<\/p>\n\n\n\n<figure class=\"wp-block-image size-large is-resized\"><a href=\"https:\/\/siulaiklaipeda.eu\/wp-content\/uploads\/2025\/10\/woolstaricon1.jpg\"><img fetchpriority=\"high\" decoding=\"async\" width=\"1024\" height=\"376\" src=\"https:\/\/siulaiklaipeda.eu\/wp-content\/uploads\/2025\/10\/woolstaricon1-1024x376.jpg\" alt=\"\" class=\"wp-image-21756\" style=\"width:230px;height:auto\" srcset=\"https:\/\/siulaiklaipeda.eu\/wp-content\/uploads\/2025\/10\/woolstaricon1-1024x376.jpg 1024w, https:\/\/siulaiklaipeda.eu\/wp-content\/uploads\/2025\/10\/woolstaricon1-300x110.jpg 300w, https:\/\/siulaiklaipeda.eu\/wp-content\/uploads\/2025\/10\/woolstaricon1-768x282.jpg 768w, https:\/\/siulaiklaipeda.eu\/wp-content\/uploads\/2025\/10\/woolstaricon1-18x7.jpg 18w, https:\/\/siulaiklaipeda.eu\/wp-content\/uploads\/2025\/10\/woolstaricon1-990x363.jpg 990w, https:\/\/siulaiklaipeda.eu\/wp-content\/uploads\/2025\/10\/woolstaricon1-441x162.jpg 441w, https:\/\/siulaiklaipeda.eu\/wp-content\/uploads\/2025\/10\/woolstaricon1-600x220.jpg 600w, https:\/\/siulaiklaipeda.eu\/wp-content\/uploads\/2025\/10\/woolstaricon1-150x55.jpg 150w, https:\/\/siulaiklaipeda.eu\/wp-content\/uploads\/2025\/10\/woolstaricon1.jpg 1450w\" sizes=\"(max-width: 1024px) 100vw, 1024px\" \/><\/a><\/figure>\n\n\n\n<figure class=\"wp-block-image size-large is-resized\"><a href=\"https:\/\/siulaiklaipeda.eu\/wp-content\/uploads\/2025\/10\/silk-icon2.jpg\"><img decoding=\"async\" width=\"1024\" height=\"203\" src=\"https:\/\/siulaiklaipeda.eu\/wp-content\/uploads\/2025\/10\/silk-icon2-1024x203.jpg\" alt=\"\" class=\"wp-image-21754\" style=\"width:236px;height:auto\" srcset=\"https:\/\/siulaiklaipeda.eu\/wp-content\/uploads\/2025\/10\/silk-icon2-1024x203.jpg 1024w, https:\/\/siulaiklaipeda.eu\/wp-content\/uploads\/2025\/10\/silk-icon2-300x60.jpg 300w, https:\/\/siulaiklaipeda.eu\/wp-content\/uploads\/2025\/10\/silk-icon2-768x152.jpg 768w, https:\/\/siulaiklaipeda.eu\/wp-content\/uploads\/2025\/10\/silk-icon2-18x4.jpg 18w, https:\/\/siulaiklaipeda.eu\/wp-content\/uploads\/2025\/10\/silk-icon2-990x197.jpg 990w, https:\/\/siulaiklaipeda.eu\/wp-content\/uploads\/2025\/10\/silk-icon2-441x88.jpg 441w, https:\/\/siulaiklaipeda.eu\/wp-content\/uploads\/2025\/10\/silk-icon2-600x119.jpg 600w, https:\/\/siulaiklaipeda.eu\/wp-content\/uploads\/2025\/10\/silk-icon2-150x30.jpg 150w, https:\/\/siulaiklaipeda.eu\/wp-content\/uploads\/2025\/10\/silk-icon2.jpg 1360w\" sizes=\"(max-width: 1024px) 100vw, 1024px\" \/><\/a><\/figure>\n\n\n\n<p> <strong>Privalumai:<\/strong><\/p>\n\n\n\n<ul class=\"wp-block-list\">\n<li>100 % nat\u016brali merino vilna<\/li>\n\n\n\n<li>Itin \u0161velni ir maloni odai<\/li>\n\n\n\n<li>Lengva, \u0161ilta ir kv\u0117puojanti tekst\u016bra<\/li>\n\n\n\n<li>Puikiai tinka tiek suaugusi\u0173, tiek vaik\u0173 mezginiams<\/li>\n<\/ul>\n\n\n\n<p><strong>Puikiai tinka:<\/strong> megztiniams, skaroms, kepur\u0117ms, \u0161alikams, megztukams vaikams<\/p>","protected":false},"excerpt":{"rendered":"<p>Gazzal Wool Star \u2013 100 % superwash merino vilnos si\u016blai Gazzal Wool Star \u2013 tai auk\u0161\u010diausios kokyb\u0117s merino vilnos si\u016blai, pasi\u017eymintys ypatingu \u0161velnumu, \u0161iluma ir elastingumu. \u0160is si\u016blas pagamintas i\u0161 100 % nat\u016bralios superwash merino vilnos, tod\u0117l mezginiai tampa malon\u016bs prie k\u016bno, lengvi ir kv\u0117puojantys. Sud\u0117tis: 100 % Superwash merino vilnaSvoris: 100 g Ilgis: ~350 [&hellip;]<\/p>","protected":false},"featured_media":21840,"template":"","meta":[],"product_brand":[],"product_cat":[97,276],"product_tag":[],"class_list":{"0":"post-21839","1":"product","2":"type-product","3":"status-publish","4":"has-post-thumbnail","6":"product_cat-gazzal","7":"product_cat-wool-star-yarn","9":"first","10":"instock","11":"taxable","12":"shipping-taxable","13":"product-type-simple"},"_links":{"self":[{"href":"https:\/\/siulaiklaipeda.eu\/en\/wp-json\/wp\/v2\/product\/21839","targetHints":{"allow":["GET"]}}],"collection":[{"href":"https:\/\/siulaiklaipeda.eu\/en\/wp-json\/wp\/v2\/product"}],"about":[{"href":"https:\/\/siulaiklaipeda.eu\/en\/wp-json\/wp\/v2\/types\/product"}],"wp:featuredmedia":[{"embeddable":true,"href":"https:\/\/siulaiklaipeda.eu\/en\/wp-json\/wp\/v2\/media\/21840"}],"wp:attachment":[{"href":"https:\/\/siulaiklaipeda.eu\/en\/wp-json\/wp\/v2\/media?parent=21839"}],"wp:term":[{"taxonomy":"product_brand","embeddable":true,"href":"https:\/\/siulaiklaipeda.eu\/en\/wp-json\/wp\/v2\/product_brand?post=21839"},{"taxonomy":"product_cat","embeddable":true,"href":"https:\/\/siulaiklaipeda.eu\/en\/wp-json\/wp\/v2\/product_cat?post=21839"},{"taxonomy":"product_tag","embeddable":true,"href":"https:\/\/siulaiklaipeda.eu\/en\/wp-json\/wp\/v2\/product_tag?post=21839"}],"curies":[{"name":"wp","href":"https:\/\/api.w.org\/{rel}","templated":true}]}}