{"id":21245,"date":"2025-09-20T19:41:55","date_gmt":"2025-09-20T17:41:55","guid":{"rendered":"https:\/\/siulaiklaipeda.eu\/?post_type=product&#038;p=21245"},"modified":"2026-03-29T10:53:36","modified_gmt":"2026-03-29T07:53:36","slug":"yarnart-forza-stripe-2806","status":"publish","type":"product","link":"https:\/\/siulaiklaipeda.eu\/en\/product\/yarnart-forza-stripe-2806\/","title":{"rendered":"YarnArt Forza Stripe 2806"},"content":{"rendered":"<p>YarnArt Forza Stripe<\/p>\n\n\n\n<p>Spalvingas, ry\u0161kus ir energijos kupinas si\u016blas, kuris kiekvienam mezginiui suteiks i\u0161skirtin\u012f \u017eaves\u012f! \u201eForza Stripe\u201c yra lengvai pri\u017ei\u016brimas, tvirtas bei malonus liesti si\u016blas, puikiai tinkantis tiek megztiniams, tiek kojin\u0117ms, \u0161alikams ar kitiems kasdieniams mezginiams.<\/p>\n\n\n\n<p class=\"has-text-align-left\"> <strong>Sud\u0117tis:<\/strong> 75% vilna, 25% poliamidas<br><strong>Svoris:<\/strong> 100 g (apie 420 m)<\/p>\n\n\n\n<p class=\"has-text-align-left\">Virbalai Nr 2-3 mm<\/p>\n\n\n\n<p>\u2705 Pagrindiniai privalumai:<\/p>\n\n\n\n<ul class=\"wp-block-list\">\n<li>Patvarus ir ilgaam\u017eis d\u0117l poliamido pried\u0173<\/li>\n\n\n\n<li>Maloniai \u0161ildo d\u0117l vilnos sud\u0117ties<\/li>\n\n\n\n<li>Gra\u017eiai pereinan\u010dios spalvos sukuria ypating\u0105 ra\u0161t\u0105 mezginiuose<\/li>\n\n\n\n<li>Tinka tiek mezgimui virbalais, tiek n\u0117rimui<\/li>\n<\/ul>\n\n\n\n<p>Puikus pasirinkimas tiems, kas nori sukurti linksmus, spalvingus ir i\u0161skirtinius mezginius!<\/p>","protected":false},"excerpt":{"rendered":"<p>YarnArt Forza Stripe Spalvingas, ry\u0161kus ir energijos kupinas si\u016blas, kuris kiekvienam mezginiui suteiks i\u0161skirtin\u012f \u017eaves\u012f! \u201eForza Stripe\u201c yra lengvai pri\u017ei\u016brimas, tvirtas bei malonus liesti si\u016blas, puikiai tinkantis tiek megztiniams, tiek kojin\u0117ms, \u0161alikams ar kitiems kasdieniams mezginiams. Sud\u0117tis: 75% vilna, 25% poliamidasSvoris: 100 g (apie 420 m) Virbalai Nr 2-3 mm \u2705 Pagrindiniai privalumai: Puikus pasirinkimas [&hellip;]<\/p>","protected":false},"featured_media":21479,"template":"","meta":[],"product_brand":[],"product_cat":[108,271,94],"product_tag":[],"class_list":{"0":"post-21245","1":"product","2":"type-product","3":"status-publish","4":"has-post-thumbnail","6":"product_cat-kojininiai-siulai","7":"product_cat-forza-stripe","8":"product_cat-yarnart","10":"first","11":"instock","12":"taxable","13":"shipping-taxable","14":"purchasable","15":"product-type-simple"},"_links":{"self":[{"href":"https:\/\/siulaiklaipeda.eu\/en\/wp-json\/wp\/v2\/product\/21245","targetHints":{"allow":["GET"]}}],"collection":[{"href":"https:\/\/siulaiklaipeda.eu\/en\/wp-json\/wp\/v2\/product"}],"about":[{"href":"https:\/\/siulaiklaipeda.eu\/en\/wp-json\/wp\/v2\/types\/product"}],"wp:featuredmedia":[{"embeddable":true,"href":"https:\/\/siulaiklaipeda.eu\/en\/wp-json\/wp\/v2\/media\/21479"}],"wp:attachment":[{"href":"https:\/\/siulaiklaipeda.eu\/en\/wp-json\/wp\/v2\/media?parent=21245"}],"wp:term":[{"taxonomy":"product_brand","embeddable":true,"href":"https:\/\/siulaiklaipeda.eu\/en\/wp-json\/wp\/v2\/product_brand?post=21245"},{"taxonomy":"product_cat","embeddable":true,"href":"https:\/\/siulaiklaipeda.eu\/en\/wp-json\/wp\/v2\/product_cat?post=21245"},{"taxonomy":"product_tag","embeddable":true,"href":"https:\/\/siulaiklaipeda.eu\/en\/wp-json\/wp\/v2\/product_tag?post=21245"}],"curies":[{"name":"wp","href":"https:\/\/api.w.org\/{rel}","templated":true}]}}