{"id":20657,"date":"2025-08-27T14:59:28","date_gmt":"2025-08-27T12:59:28","guid":{"rendered":"https:\/\/siulaiklaipeda.eu\/?post_type=product&#038;p=20657"},"modified":"2026-03-24T10:25:53","modified_gmt":"2026-03-24T08:25:53","slug":"midara-angora2-118","status":"publish","type":"product","link":"https:\/\/siulaiklaipeda.eu\/en\/product\/midara-angora2-118\/","title":{"rendered":"Midara Angora2- 118"},"content":{"rendered":"<p><strong>ANGORA 2<\/strong> \u2013 lengvi, \u0161veln\u016bs ir pur\u016bs si\u016blai su mohera ir vilna. Jie suteikia mezginiams jaukumo, \u0161ilumos ir elegancijos. Puikiai tinka megztiniams, skaroms, \u0161alikams ar lengviems kardiganams.<\/p>\n\n\n\n<ul class=\"wp-block-list\">\n<li>Sud\u0117tis: 50 % mohera, 20 % jauna vilna,30 % akrilas <\/li>\n\n\n\n<li>Svoris: 100 g \u2248 750 m<\/li>\n\n\n\n<li>Virbalai: rekomenduojami 2,5\u20133,5 mm ,pagal norim\u0105 purum\u0105<\/li>\n<\/ul>\n\n\n\n<p>Privalumai: mezginys gaunasi lengvas, \u0161iltas, gra\u017eiai krentantis, puikiai tinka sluoksniavimui<\/p>","protected":false},"excerpt":{"rendered":"<p>ANGORA 2 \u2013 lengvi, \u0161veln\u016bs ir pur\u016bs si\u016blai su mohera ir vilna. Jie suteikia mezginiams jaukumo, \u0161ilumos ir elegancijos. Puikiai tinka megztiniams, skaroms, \u0161alikams ar lengviems kardiganams. Privalumai: mezginys gaunasi lengvas, \u0161iltas, gra\u017eiai krentantis, puikiai tinka sluoksniavimui<\/p>","protected":false},"featured_media":24608,"template":"","meta":[],"product_brand":[],"product_cat":[255,262],"product_tag":[],"class_list":{"0":"post-20657","1":"product","2":"type-product","3":"status-publish","4":"has-post-thumbnail","6":"product_cat-midara","7":"product_cat-angora-2","9":"first","10":"instock","11":"taxable","12":"shipping-taxable","13":"purchasable","14":"product-type-simple"},"_links":{"self":[{"href":"https:\/\/siulaiklaipeda.eu\/en\/wp-json\/wp\/v2\/product\/20657","targetHints":{"allow":["GET"]}}],"collection":[{"href":"https:\/\/siulaiklaipeda.eu\/en\/wp-json\/wp\/v2\/product"}],"about":[{"href":"https:\/\/siulaiklaipeda.eu\/en\/wp-json\/wp\/v2\/types\/product"}],"wp:featuredmedia":[{"embeddable":true,"href":"https:\/\/siulaiklaipeda.eu\/en\/wp-json\/wp\/v2\/media\/24608"}],"wp:attachment":[{"href":"https:\/\/siulaiklaipeda.eu\/en\/wp-json\/wp\/v2\/media?parent=20657"}],"wp:term":[{"taxonomy":"product_brand","embeddable":true,"href":"https:\/\/siulaiklaipeda.eu\/en\/wp-json\/wp\/v2\/product_brand?post=20657"},{"taxonomy":"product_cat","embeddable":true,"href":"https:\/\/siulaiklaipeda.eu\/en\/wp-json\/wp\/v2\/product_cat?post=20657"},{"taxonomy":"product_tag","embeddable":true,"href":"https:\/\/siulaiklaipeda.eu\/en\/wp-json\/wp\/v2\/product_tag?post=20657"}],"curies":[{"name":"wp","href":"https:\/\/api.w.org\/{rel}","templated":true}]}}