{"id":20437,"date":"2025-08-20T21:06:04","date_gmt":"2025-08-20T19:06:04","guid":{"rendered":"https:\/\/siulaiklaipeda.eu\/?post_type=product&#038;p=20437"},"modified":"2026-04-17T22:58:30","modified_gmt":"2026-04-17T19:58:30","slug":"midara-haapsalu-shawl-yarn-925","status":"publish","type":"product","link":"https:\/\/siulaiklaipeda.eu\/en\/product\/midara-haapsalu-shawl-yarn-925\/","title":{"rendered":"Midara Haapsalu Shawl Yarn 925"},"content":{"rendered":"<p>100% merino vilna. 100 gr., 1400m<\/p>\n\n\n\n<p>Plonas merino vilnos si\u016blas \u0161alikams ir a\u017e\u016briniams mezginiams .<\/p>\n\n\n\n<p>Puikiai tinka Haapsalu stiliaus \u0161aliams  ir n\u0117riniams Taip pat idealiai tinka kaip pagalbinis si\u016blas prie moherio si\u016bliuko <\/p>\n\n\n\n<p><\/p>","protected":false},"excerpt":{"rendered":"<p>100% merino vilna. 100 gr., 1400m Plonas merino vilnos si\u016blas \u0161alikams ir a\u017e\u016briniams mezginiams . Puikiai tinka Haapsalu stiliaus \u0161aliams ir n\u0117riniams Taip pat idealiai tinka kaip pagalbinis si\u016blas prie moherio si\u016bliuko<\/p>","protected":false},"featured_media":20438,"template":"","meta":[],"product_brand":[],"product_cat":[255,256],"product_tag":[],"class_list":{"0":"post-20437","1":"product","2":"type-product","3":"status-publish","4":"has-post-thumbnail","6":"product_cat-midara","7":"product_cat-haapsalu-shawl-yarn","9":"first","10":"instock","11":"taxable","12":"shipping-taxable","13":"purchasable","14":"product-type-simple"},"_links":{"self":[{"href":"https:\/\/siulaiklaipeda.eu\/en\/wp-json\/wp\/v2\/product\/20437","targetHints":{"allow":["GET"]}}],"collection":[{"href":"https:\/\/siulaiklaipeda.eu\/en\/wp-json\/wp\/v2\/product"}],"about":[{"href":"https:\/\/siulaiklaipeda.eu\/en\/wp-json\/wp\/v2\/types\/product"}],"wp:featuredmedia":[{"embeddable":true,"href":"https:\/\/siulaiklaipeda.eu\/en\/wp-json\/wp\/v2\/media\/20438"}],"wp:attachment":[{"href":"https:\/\/siulaiklaipeda.eu\/en\/wp-json\/wp\/v2\/media?parent=20437"}],"wp:term":[{"taxonomy":"product_brand","embeddable":true,"href":"https:\/\/siulaiklaipeda.eu\/en\/wp-json\/wp\/v2\/product_brand?post=20437"},{"taxonomy":"product_cat","embeddable":true,"href":"https:\/\/siulaiklaipeda.eu\/en\/wp-json\/wp\/v2\/product_cat?post=20437"},{"taxonomy":"product_tag","embeddable":true,"href":"https:\/\/siulaiklaipeda.eu\/en\/wp-json\/wp\/v2\/product_tag?post=20437"}],"curies":[{"name":"wp","href":"https:\/\/api.w.org\/{rel}","templated":true}]}}