{"id":20375,"date":"2025-08-20T17:15:12","date_gmt":"2025-08-20T15:15:12","guid":{"rendered":"https:\/\/siulaiklaipeda.eu\/?post_type=product&#038;p=20375"},"modified":"2026-03-20T01:34:51","modified_gmt":"2026-03-19T23:34:51","slug":"angora-2-150","status":"publish","type":"product","link":"https:\/\/siulaiklaipeda.eu\/en\/product\/angora-2-150\/","title":{"rendered":"Midara Angora2-150"},"content":{"rendered":"<p><strong>ANGORA 2<\/strong> \u2013 lengvi, \u0161veln\u016bs ir pur\u016bs si\u016blai su mohera ir vilna. Jie suteikia mezginiams jaukumo, \u0161ilumos ir elegancijos. Puikiai tinka megztiniams, skaroms, \u0161alikams ar lengviems kardiganams.<\/p>\n\n\n\n<ul class=\"wp-block-list\">\n<li>Sud\u0117tis: 50 % mohera, 20 % jauna vilna,30 % akrilas <\/li>\n\n\n\n<li>Svoris: 100 g \u2248 750 m<\/li>\n\n\n\n<li>Virbalai: rekomenduojami 2,5\u20133,5 mm (pagal norim\u0105 purum\u0105<\/li>\n<\/ul>\n\n\n\n<p>Privalumai: mezginys gaunasi lengvas, \u0161iltas, gra\u017eiai krentantis, puikiai tinka sluoksniavimui <\/p>","protected":false},"excerpt":{"rendered":"<p>ANGORA 2 \u2013 lengvi, \u0161veln\u016bs ir pur\u016bs si\u016blai su mohera ir vilna. Jie suteikia mezginiams jaukumo, \u0161ilumos ir elegancijos. Puikiai tinka megztiniams, skaroms, \u0161alikams ar lengviems kardiganams. Privalumai: mezginys gaunasi lengvas, \u0161iltas, gra\u017eiai krentantis, puikiai tinka sluoksniavimui<\/p>","protected":false},"featured_media":24606,"template":"","meta":[],"product_brand":[],"product_cat":[45,262,255],"product_tag":[],"class_list":{"0":"post-20375","1":"product","2":"type-product","3":"status-publish","4":"has-post-thumbnail","6":"product_cat-mezgimo-siulai","7":"product_cat-angora-2","8":"product_cat-midara","10":"first","11":"instock","12":"taxable","13":"shipping-taxable","14":"purchasable","15":"product-type-simple"},"_links":{"self":[{"href":"https:\/\/siulaiklaipeda.eu\/en\/wp-json\/wp\/v2\/product\/20375","targetHints":{"allow":["GET"]}}],"collection":[{"href":"https:\/\/siulaiklaipeda.eu\/en\/wp-json\/wp\/v2\/product"}],"about":[{"href":"https:\/\/siulaiklaipeda.eu\/en\/wp-json\/wp\/v2\/types\/product"}],"wp:featuredmedia":[{"embeddable":true,"href":"https:\/\/siulaiklaipeda.eu\/en\/wp-json\/wp\/v2\/media\/24606"}],"wp:attachment":[{"href":"https:\/\/siulaiklaipeda.eu\/en\/wp-json\/wp\/v2\/media?parent=20375"}],"wp:term":[{"taxonomy":"product_brand","embeddable":true,"href":"https:\/\/siulaiklaipeda.eu\/en\/wp-json\/wp\/v2\/product_brand?post=20375"},{"taxonomy":"product_cat","embeddable":true,"href":"https:\/\/siulaiklaipeda.eu\/en\/wp-json\/wp\/v2\/product_cat?post=20375"},{"taxonomy":"product_tag","embeddable":true,"href":"https:\/\/siulaiklaipeda.eu\/en\/wp-json\/wp\/v2\/product_tag?post=20375"}],"curies":[{"name":"wp","href":"https:\/\/api.w.org\/{rel}","templated":true}]}}