{"id":20289,"date":"2025-08-17T17:10:34","date_gmt":"2025-08-17T15:10:34","guid":{"rendered":"https:\/\/siulaiklaipeda.eu\/?post_type=product&#038;p=20289"},"modified":"2026-04-07T12:26:45","modified_gmt":"2026-04-07T09:26:45","slug":"yarnart-forza-forever-2706","status":"publish","type":"product","link":"https:\/\/siulaiklaipeda.eu\/en\/product\/yarnart-forza-forever-2706\/","title":{"rendered":"YarnArt Forza Forever 2706"},"content":{"rendered":"<h3 class=\"wp-block-heading\">YarnArt Forza Forever<\/h3>\n\n\n\n<p> Spalvingas, ry\u0161kus ir energijos kupinas si\u016blas, kuris kiekvienam mezginiui suteiks i\u0161skirtin\u012f \u017eaves\u012f! \u201eForza Forever\u201c yra lengvai pri\u017ei\u016brimas, tvirtas bei malonus liesti si\u016blas, puikiai tinkantis tiek megztiniams, tiek kojin\u0117ms, \u0161alikams ar kitiems kasdieniams mezginiams.<\/p>\n\n\n\n<p class=\"has-text-align-left\"> <strong>Sud\u0117tis:<\/strong> 75% vilna, 25% poliamidas<br><strong>Svoris:<\/strong> 100 g (apie 420 m)<\/p>\n\n\n\n<p class=\"has-text-align-left\">Virbalai Nr 2-3 mm<\/p>\n\n\n\n<p>\u2705 Pagrindiniai privalumai:<\/p>\n\n\n\n<ul class=\"wp-block-list\">\n<li>Patvarus ir ilgaam\u017eis d\u0117l poliamido pried\u0173<\/li>\n\n\n\n<li>Maloniai \u0161ildo d\u0117l vilnos sud\u0117ties<\/li>\n\n\n\n<li>Gra\u017eiai pereinan\u010dios spalvos sukuria ypating\u0105 ra\u0161t\u0105 mezginiuose<\/li>\n\n\n\n<li>Tinka tiek mezgimui virbalais, tiek n\u0117rimui<\/li>\n<\/ul>\n\n\n\n<p>Puikus pasirinkimas tiems, kas nori sukurti linksmus, spalvingus ir i\u0161skirtinius mezginius!<\/p>","protected":false},"excerpt":{"rendered":"<p>YarnArt Forza Forever Spalvingas, ry\u0161kus ir energijos kupinas si\u016blas, kuris kiekvienam mezginiui suteiks i\u0161skirtin\u012f \u017eaves\u012f! \u201eForza Forever\u201c yra lengvai pri\u017ei\u016brimas, tvirtas bei malonus liesti si\u016blas, puikiai tinkantis tiek megztiniams, tiek kojin\u0117ms, \u0161alikams ar kitiems kasdieniams mezginiams. Sud\u0117tis: 75% vilna, 25% poliamidasSvoris: 100 g (apie 420 m) Virbalai Nr 2-3 mm \u2705 Pagrindiniai privalumai: Puikus pasirinkimas [&hellip;]<\/p>","protected":false},"featured_media":20290,"template":"","meta":[],"product_brand":[],"product_cat":[45,263,108,94],"product_tag":[],"class_list":{"0":"post-20289","1":"product","2":"type-product","3":"status-publish","4":"has-post-thumbnail","6":"product_cat-mezgimo-siulai","7":"product_cat-forza-forever","8":"product_cat-kojininiai-siulai","9":"product_cat-yarnart","11":"first","12":"instock","13":"taxable","14":"shipping-taxable","15":"purchasable","16":"product-type-simple"},"_links":{"self":[{"href":"https:\/\/siulaiklaipeda.eu\/en\/wp-json\/wp\/v2\/product\/20289","targetHints":{"allow":["GET"]}}],"collection":[{"href":"https:\/\/siulaiklaipeda.eu\/en\/wp-json\/wp\/v2\/product"}],"about":[{"href":"https:\/\/siulaiklaipeda.eu\/en\/wp-json\/wp\/v2\/types\/product"}],"wp:featuredmedia":[{"embeddable":true,"href":"https:\/\/siulaiklaipeda.eu\/en\/wp-json\/wp\/v2\/media\/20290"}],"wp:attachment":[{"href":"https:\/\/siulaiklaipeda.eu\/en\/wp-json\/wp\/v2\/media?parent=20289"}],"wp:term":[{"taxonomy":"product_brand","embeddable":true,"href":"https:\/\/siulaiklaipeda.eu\/en\/wp-json\/wp\/v2\/product_brand?post=20289"},{"taxonomy":"product_cat","embeddable":true,"href":"https:\/\/siulaiklaipeda.eu\/en\/wp-json\/wp\/v2\/product_cat?post=20289"},{"taxonomy":"product_tag","embeddable":true,"href":"https:\/\/siulaiklaipeda.eu\/en\/wp-json\/wp\/v2\/product_tag?post=20289"}],"curies":[{"name":"wp","href":"https:\/\/api.w.org\/{rel}","templated":true}]}}