{"id":19698,"date":"2025-07-18T14:13:48","date_gmt":"2025-07-18T12:13:48","guid":{"rendered":"https:\/\/siulaiklaipeda.eu\/?post_type=product&#038;p=19698"},"modified":"2025-10-04T11:04:21","modified_gmt":"2025-10-04T09:04:21","slug":"midara-maxi-030","status":"publish","type":"product","link":"https:\/\/siulaiklaipeda.eu\/en\/product\/midara-maxi-030\/","title":{"rendered":"Midara Maxi 030"},"content":{"rendered":"<p>Sud\u0117tis \u2013 100 % medviln\u0117<\/p>\n\n\n\n<p>100 g 530 m <\/p>\n\n\n\n<p>Rekomenduojamas v\u0105\u0161elis -1,5<\/p>","protected":false},"excerpt":{"rendered":"<p>Sud\u0117tis \u2013 100 % medviln\u0117 100 g 530 m Rekomenduojamas v\u0105\u0161elis -1,5<\/p>","protected":false},"featured_media":19724,"template":"","meta":[],"product_brand":[],"product_cat":[255,259,51,46],"product_tag":[],"class_list":{"0":"post-19698","1":"product","2":"type-product","3":"status-publish","4":"has-post-thumbnail","6":"product_cat-midara","7":"product_cat-maxi-midara","8":"product_cat-medvilne","9":"product_cat-nerimo-siulai","11":"first","12":"outofstock","13":"taxable","14":"shipping-taxable","15":"purchasable","16":"product-type-simple"},"_links":{"self":[{"href":"https:\/\/siulaiklaipeda.eu\/en\/wp-json\/wp\/v2\/product\/19698","targetHints":{"allow":["GET"]}}],"collection":[{"href":"https:\/\/siulaiklaipeda.eu\/en\/wp-json\/wp\/v2\/product"}],"about":[{"href":"https:\/\/siulaiklaipeda.eu\/en\/wp-json\/wp\/v2\/types\/product"}],"wp:featuredmedia":[{"embeddable":true,"href":"https:\/\/siulaiklaipeda.eu\/en\/wp-json\/wp\/v2\/media\/19724"}],"wp:attachment":[{"href":"https:\/\/siulaiklaipeda.eu\/en\/wp-json\/wp\/v2\/media?parent=19698"}],"wp:term":[{"taxonomy":"product_brand","embeddable":true,"href":"https:\/\/siulaiklaipeda.eu\/en\/wp-json\/wp\/v2\/product_brand?post=19698"},{"taxonomy":"product_cat","embeddable":true,"href":"https:\/\/siulaiklaipeda.eu\/en\/wp-json\/wp\/v2\/product_cat?post=19698"},{"taxonomy":"product_tag","embeddable":true,"href":"https:\/\/siulaiklaipeda.eu\/en\/wp-json\/wp\/v2\/product_tag?post=19698"}],"curies":[{"name":"wp","href":"https:\/\/api.w.org\/{rel}","templated":true}]}}