{"id":19532,"date":"2025-07-08T16:55:22","date_gmt":"2025-07-08T14:55:22","guid":{"rendered":"https:\/\/siulaiklaipeda.eu\/?post_type=product&#038;p=19532"},"modified":"2026-03-28T11:00:03","modified_gmt":"2026-03-28T09:00:03","slug":"alize-cotton-gold-690","status":"publish","type":"product","link":"https:\/\/siulaiklaipeda.eu\/en\/product\/alize-cotton-gold-690\/","title":{"rendered":"Alize Cotton Gold 690"},"content":{"rendered":"<ul class=\"wp-block-list\">\n<li>Composition: 55% cotton, 45 % acrylic<\/li>\n\n\n\n<li>Length: 100g, 330 m<\/li>\n\n\n\n<li>Recommended needles: No. 3.5 - 5<\/li>\n\n\n\n<li>Recommended size: No. 2-4<\/li>\n\n\n\n<li>Manufacturer: Alize, Turkey<\/li>\n<\/ul>\n\n\n\n<p>Alize Cotton Gold &#8211; klasikinis medviln\u0117s ir akrilo derinys&nbsp; \u012fvairiausiems&nbsp; pavasario ir vasaros mezginiams .Puikiai tinka \u017eaislams ,vaiki\u0161kiems r\u016bbeliams , pledams , megztiniams ir t.t<\/p>","protected":false},"excerpt":{"rendered":"<p>Alize Cotton Gold &#8211; klasikinis medviln\u0117s ir akrilo derinys&nbsp; \u012fvairiausiems&nbsp; pavasario ir vasaros mezginiams .Puikiai tinka \u017eaislams ,vaiki\u0161kiems r\u016bbeliams , pledams , megztiniams ir t.t<\/p>","protected":false},"featured_media":19540,"template":"","meta":[],"product_brand":[],"product_cat":[92,124,51],"product_tag":[],"class_list":{"0":"post-19532","1":"product","2":"type-product","3":"status-publish","4":"has-post-thumbnail","6":"product_cat-alize","7":"product_cat-cotton-gold","8":"product_cat-medvilne","10":"first","11":"instock","12":"taxable","13":"shipping-taxable","14":"purchasable","15":"product-type-simple"},"_links":{"self":[{"href":"https:\/\/siulaiklaipeda.eu\/en\/wp-json\/wp\/v2\/product\/19532","targetHints":{"allow":["GET"]}}],"collection":[{"href":"https:\/\/siulaiklaipeda.eu\/en\/wp-json\/wp\/v2\/product"}],"about":[{"href":"https:\/\/siulaiklaipeda.eu\/en\/wp-json\/wp\/v2\/types\/product"}],"wp:featuredmedia":[{"embeddable":true,"href":"https:\/\/siulaiklaipeda.eu\/en\/wp-json\/wp\/v2\/media\/19540"}],"wp:attachment":[{"href":"https:\/\/siulaiklaipeda.eu\/en\/wp-json\/wp\/v2\/media?parent=19532"}],"wp:term":[{"taxonomy":"product_brand","embeddable":true,"href":"https:\/\/siulaiklaipeda.eu\/en\/wp-json\/wp\/v2\/product_brand?post=19532"},{"taxonomy":"product_cat","embeddable":true,"href":"https:\/\/siulaiklaipeda.eu\/en\/wp-json\/wp\/v2\/product_cat?post=19532"},{"taxonomy":"product_tag","embeddable":true,"href":"https:\/\/siulaiklaipeda.eu\/en\/wp-json\/wp\/v2\/product_tag?post=19532"}],"curies":[{"name":"wp","href":"https:\/\/api.w.org\/{rel}","templated":true}]}}