{"id":19529,"date":"2025-07-08T16:35:11","date_gmt":"2025-07-08T14:35:11","guid":{"rendered":"https:\/\/siulaiklaipeda.eu\/?post_type=product&#038;p=19529"},"modified":"2026-05-03T09:29:47","modified_gmt":"2026-05-03T06:29:47","slug":"suoerwash-artisan-9016","status":"publish","type":"product","link":"https:\/\/siulaiklaipeda.eu\/en\/product\/suoerwash-artisan-9016\/","title":{"rendered":"Alize Superwash Artisan 9016"},"content":{"rendered":"<ul class=\"wp-block-list\">\n<li>Composition: 75 % wool, 25 % polyamide<\/li>\n\n\n\n<li>Length: 100 g 420 m<\/li>\n\n\n\n<li>Manufacturer: Alize, Turkey<\/li>\n\n\n\n<li>Recommended needles: No. 2-3.5<\/li>\n\n\n\n<li>Alize Superwash Artisan\u00a0 \u00a0\u2013\u00a0 kojini\u0173 si\u016blai .Vieno kamuoliuko \u0161i\u0173 verpal\u0173\u00a0 u\u017etenka porai\u00a0 ilgesni\u0173 suaugusi\u0173\u00a0 kojini\u0173 nuo 37 iki 43 dyd\u017eio .Priklausomai nuo da\u017eymo ,si\u016blai i\u0161sid\u0117sto ra\u0161tais arba spalvotomis juostel\u0117mis .Alize Superwash\u00a0 Artisan \u2013 verpalai\u00a0 atspar\u016bs dilimui, patvarumo\u00a0 suteikia\u00a0 sud\u0117tyje esantis poliamidas. \u0160is si\u016blas puikiai tinka ir megztukams ,kepur\u0117ms, \u0161alikams, pir\u0161tin\u0117ms<\/li>\n<\/ul>\n\n\n\n<p><\/p>","protected":false},"excerpt":{"rendered":"","protected":false},"featured_media":19537,"template":"","meta":[],"product_brand":[],"product_cat":[108,92,45,140,47],"product_tag":[],"class_list":{"0":"post-19529","1":"product","2":"type-product","3":"status-publish","4":"has-post-thumbnail","6":"product_cat-kojininiai-siulai","7":"product_cat-alize","8":"product_cat-mezgimo-siulai","9":"product_cat-superwash-artisan","10":"product_cat-vilna","12":"first","13":"outofstock","14":"taxable","15":"shipping-taxable","16":"purchasable","17":"product-type-simple"},"_links":{"self":[{"href":"https:\/\/siulaiklaipeda.eu\/en\/wp-json\/wp\/v2\/product\/19529","targetHints":{"allow":["GET"]}}],"collection":[{"href":"https:\/\/siulaiklaipeda.eu\/en\/wp-json\/wp\/v2\/product"}],"about":[{"href":"https:\/\/siulaiklaipeda.eu\/en\/wp-json\/wp\/v2\/types\/product"}],"wp:featuredmedia":[{"embeddable":true,"href":"https:\/\/siulaiklaipeda.eu\/en\/wp-json\/wp\/v2\/media\/19537"}],"wp:attachment":[{"href":"https:\/\/siulaiklaipeda.eu\/en\/wp-json\/wp\/v2\/media?parent=19529"}],"wp:term":[{"taxonomy":"product_brand","embeddable":true,"href":"https:\/\/siulaiklaipeda.eu\/en\/wp-json\/wp\/v2\/product_brand?post=19529"},{"taxonomy":"product_cat","embeddable":true,"href":"https:\/\/siulaiklaipeda.eu\/en\/wp-json\/wp\/v2\/product_cat?post=19529"},{"taxonomy":"product_tag","embeddable":true,"href":"https:\/\/siulaiklaipeda.eu\/en\/wp-json\/wp\/v2\/product_tag?post=19529"}],"curies":[{"name":"wp","href":"https:\/\/api.w.org\/{rel}","templated":true}]}}