{"id":18169,"date":"2025-04-22T11:18:19","date_gmt":"2025-04-22T09:18:19","guid":{"rendered":"https:\/\/www.siulaiklaipeda.eu\/?post_type=product&#038;p=18169"},"modified":"2026-04-15T22:18:45","modified_gmt":"2026-04-15T19:18:45","slug":"yarnart-summer-10","status":"publish","type":"product","link":"https:\/\/siulaiklaipeda.eu\/en\/product\/yarnart-summer-10\/","title":{"rendered":"YarnArt Summer 10"},"content":{"rendered":"<ul class=\"wp-block-list\">\n<li>Composition: 70 % cotton, 30 % viscose<\/li>\n\n\n\n<li>Length: 100 g, 350 m<\/li>\n\n\n\n<li>Manufacturer: YarnArt, Turkey<\/li>\n<\/ul>\n\n\n\n<p>YarnArt&nbsp; Summer&nbsp; -viskoz\u0117s ir medviln\u0117s mi\u0161inys. Viskoz\u0117 suteikia subtilaus blizgesio. Medviln\u0117 suteiks&nbsp; mezginiui mink\u0161tumo, puikiai sugers dr\u0117gm\u0119. Si\u016blai tinka ir&nbsp; jautriai odai. Mezginys lengvas&nbsp; ir kv\u0117puojantis, nesukelia alergijos, tod\u0117l tinka tiek suaugusiems, tiek vaiki\u0161kiems r\u016bbeliams .<\/p>\n\n\n\n<p>Due to different screens, the color shade may vary.<\/p>","protected":false},"excerpt":{"rendered":"<p>YarnArt&nbsp; Summer&nbsp; -viskoz\u0117s ir medviln\u0117s mi\u0161inys. Viskoz\u0117 suteikia subtilaus blizgesio. Medviln\u0117 suteiks&nbsp; mezginiui mink\u0161tumo, puikiai sugers dr\u0117gm\u0119. Si\u016blai tinka ir&nbsp; jautriai odai. Mezginys lengvas&nbsp; ir kv\u0117puojantis, nesukelia alergijos, tod\u0117l tinka tiek suaugusiems, tiek vaiki\u0161kiems r\u016bbeliams . D\u0117l skirting\u0173 ekran\u0173 ,spalvos atspalvis gali skirtis .<\/p>","protected":false},"featured_media":18170,"template":"","meta":[],"product_brand":[],"product_cat":[94,183],"product_tag":[],"class_list":{"0":"post-18169","1":"product","2":"type-product","3":"status-publish","4":"has-post-thumbnail","6":"product_cat-yarnart","7":"product_cat-summer","9":"first","10":"outofstock","11":"taxable","12":"shipping-taxable","13":"purchasable","14":"product-type-simple"},"_links":{"self":[{"href":"https:\/\/siulaiklaipeda.eu\/en\/wp-json\/wp\/v2\/product\/18169","targetHints":{"allow":["GET"]}}],"collection":[{"href":"https:\/\/siulaiklaipeda.eu\/en\/wp-json\/wp\/v2\/product"}],"about":[{"href":"https:\/\/siulaiklaipeda.eu\/en\/wp-json\/wp\/v2\/types\/product"}],"wp:featuredmedia":[{"embeddable":true,"href":"https:\/\/siulaiklaipeda.eu\/en\/wp-json\/wp\/v2\/media\/18170"}],"wp:attachment":[{"href":"https:\/\/siulaiklaipeda.eu\/en\/wp-json\/wp\/v2\/media?parent=18169"}],"wp:term":[{"taxonomy":"product_brand","embeddable":true,"href":"https:\/\/siulaiklaipeda.eu\/en\/wp-json\/wp\/v2\/product_brand?post=18169"},{"taxonomy":"product_cat","embeddable":true,"href":"https:\/\/siulaiklaipeda.eu\/en\/wp-json\/wp\/v2\/product_cat?post=18169"},{"taxonomy":"product_tag","embeddable":true,"href":"https:\/\/siulaiklaipeda.eu\/en\/wp-json\/wp\/v2\/product_tag?post=18169"}],"curies":[{"name":"wp","href":"https:\/\/api.w.org\/{rel}","templated":true}]}}