{"id":16131,"date":"2025-04-07T19:26:15","date_gmt":"2025-04-07T17:26:15","guid":{"rendered":"https:\/\/www.siulaiklaipeda.eu\/?post_type=product&#038;p=16131"},"modified":"2026-03-13T13:03:26","modified_gmt":"2026-03-13T11:03:26","slug":"yarnart-bouquet-726","status":"publish","type":"product","link":"https:\/\/siulaiklaipeda.eu\/en\/product\/yarnart-bouquet-726\/","title":{"rendered":"YarnArt Bouquet 726"},"content":{"rendered":"<ul class=\"wp-block-list\">\n \t<li>YarnArt Bouquet 100 % medviln\u0117 ,250 g , 500m,puikiai tinkantis si\u016blas vasaros mezginiams , palaidin\u0117ms , skaroms ar net vaik\u0173 drabu\u017e\u0117liams .\u0160veln\u016bs ,bet tvirti,lengvai mezgami ir malon\u016bs odai .Gali b\u016bti derinamas su kitu si\u016blu, pvz moheriu.<\/li>\n \n \t<li>Rekomenduojami virbalai Nr 4 mm,v\u0105\u0161elis 4mm<\/li>\n \n \t<li>Manufacturer, YarnArt, Turkey<\/li>\n \n \t<li>Pristatymas visoje Lietuvoje<\/li>\n \n \t<li>U\u017esisakyk dabar ir prad\u0117k nauj\u0105 mezgimo projekt\u0105<\/li>\n<\/ul>","protected":false},"excerpt":{"rendered":"","protected":false},"featured_media":16132,"template":"","meta":[],"product_brand":[],"product_cat":[239,94],"product_tag":[],"class_list":{"0":"post-16131","1":"product","2":"type-product","3":"status-publish","4":"has-post-thumbnail","6":"product_cat-bouquet","7":"product_cat-yarnart","9":"first","10":"instock","11":"taxable","12":"shipping-taxable","13":"purchasable","14":"product-type-simple"},"_links":{"self":[{"href":"https:\/\/siulaiklaipeda.eu\/en\/wp-json\/wp\/v2\/product\/16131","targetHints":{"allow":["GET"]}}],"collection":[{"href":"https:\/\/siulaiklaipeda.eu\/en\/wp-json\/wp\/v2\/product"}],"about":[{"href":"https:\/\/siulaiklaipeda.eu\/en\/wp-json\/wp\/v2\/types\/product"}],"wp:featuredmedia":[{"embeddable":true,"href":"https:\/\/siulaiklaipeda.eu\/en\/wp-json\/wp\/v2\/media\/16132"}],"wp:attachment":[{"href":"https:\/\/siulaiklaipeda.eu\/en\/wp-json\/wp\/v2\/media?parent=16131"}],"wp:term":[{"taxonomy":"product_brand","embeddable":true,"href":"https:\/\/siulaiklaipeda.eu\/en\/wp-json\/wp\/v2\/product_brand?post=16131"},{"taxonomy":"product_cat","embeddable":true,"href":"https:\/\/siulaiklaipeda.eu\/en\/wp-json\/wp\/v2\/product_cat?post=16131"},{"taxonomy":"product_tag","embeddable":true,"href":"https:\/\/siulaiklaipeda.eu\/en\/wp-json\/wp\/v2\/product_tag?post=16131"}],"curies":[{"name":"wp","href":"https:\/\/api.w.org\/{rel}","templated":true}]}}