{"id":16123,"date":"2025-04-07T19:23:43","date_gmt":"2025-04-07T17:23:43","guid":{"rendered":"https:\/\/www.siulaiklaipeda.eu\/?post_type=product&#038;p=16123"},"modified":"2026-04-25T11:45:07","modified_gmt":"2026-04-25T08:45:07","slug":"yarnart-bouquet-722","status":"publish","type":"product","link":"https:\/\/siulaiklaipeda.eu\/en\/product\/yarnart-bouquet-722\/","title":{"rendered":"YarnArt Bouquet 722"},"content":{"rendered":"<ul class=\"wp-block-list\">\n \t<li>YarnArt Bouquet 100 % medviln\u0117 ,250 g , 500m,puikiai tinkantis si\u016blas vasaros mezginiams , palaidin\u0117ms , skaroms ar net vaik\u0173 drabu\u017e\u0117liams .\u0160veln\u016bs ,bet tvirti ,lengvai mezgami ir malon\u016bs odai .Gali b\u016bti derinamas su kitu si\u016blu, pavyzd\u017eiui su\u00a0 moheriu.<\/li>\n<!-- \/wp:post-content --> <!-- wp:list-item -->\n \t<li>Rekomenduojami virbalai Nr 4 mm,v\u0105\u0161elis 4mm<\/li>\n<!-- \/wp:list-item --> <!-- wp:list-item -->\n \t<li>Manufacturer, YarnArt, Turkey<\/li>\n<!-- \/wp:list-item --> <!-- wp:list-item -->\n \t<li>Pristatymas visoje Lietuvoje<\/li>\n<!-- \/wp:list-item --> <!-- wp:list-item -->\n \t<li>U\u017esisakyk dabar ir prad\u0117k nauj\u0105 mezgimo projekt\u0105<\/li>\n<\/ul>","protected":false},"excerpt":{"rendered":"<p>YarnArt Bouquet 100 % medviln\u0117 ,250 g , 500m,puikiai tinkantis si\u016blas vasaros mezginiams , palaidin\u0117ms , skaroms ar net vaik\u0173 drabu\u017e\u0117liams .\u0160veln\u016bs ,bet tvirti ,lengvai mezgami ir malon\u016bs odai .Gali b\u016bti derinamas su kitu si\u016blu, pavyzd\u017eiui su\u00a0 moheriu. Rekomenduojami virbalai Nr 4 mm,v\u0105\u0161elis 4mm Gamintojas ,YarnArt ,Turkija Pristatymas visoje Lietuvoje U\u017esisakyk dabar ir prad\u0117k nauj\u0105 [&hellip;]<\/p>\n","protected":false},"featured_media":16124,"template":"","meta":[],"product_brand":[],"product_cat":[94,239],"product_tag":[],"class_list":{"0":"post-16123","1":"product","2":"type-product","3":"status-publish","4":"has-post-thumbnail","6":"product_cat-yarnart","7":"product_cat-bouquet","9":"first","10":"instock","11":"taxable","12":"shipping-taxable","13":"purchasable","14":"product-type-simple"},"_links":{"self":[{"href":"https:\/\/siulaiklaipeda.eu\/en\/wp-json\/wp\/v2\/product\/16123","targetHints":{"allow":["GET"]}}],"collection":[{"href":"https:\/\/siulaiklaipeda.eu\/en\/wp-json\/wp\/v2\/product"}],"about":[{"href":"https:\/\/siulaiklaipeda.eu\/en\/wp-json\/wp\/v2\/types\/product"}],"wp:featuredmedia":[{"embeddable":true,"href":"https:\/\/siulaiklaipeda.eu\/en\/wp-json\/wp\/v2\/media\/16124"}],"wp:attachment":[{"href":"https:\/\/siulaiklaipeda.eu\/en\/wp-json\/wp\/v2\/media?parent=16123"}],"wp:term":[{"taxonomy":"product_brand","embeddable":true,"href":"https:\/\/siulaiklaipeda.eu\/en\/wp-json\/wp\/v2\/product_brand?post=16123"},{"taxonomy":"product_cat","embeddable":true,"href":"https:\/\/siulaiklaipeda.eu\/en\/wp-json\/wp\/v2\/product_cat?post=16123"},{"taxonomy":"product_tag","embeddable":true,"href":"https:\/\/siulaiklaipeda.eu\/en\/wp-json\/wp\/v2\/product_tag?post=16123"}],"curies":[{"name":"wp","href":"https:\/\/api.w.org\/{rel}","templated":true}]}}