{"id":16093,"date":"2025-04-07T19:13:42","date_gmt":"2025-04-07T17:13:42","guid":{"rendered":"https:\/\/www.siulaiklaipeda.eu\/?post_type=product&#038;p=16093"},"modified":"2026-04-16T14:34:29","modified_gmt":"2026-04-16T11:34:29","slug":"yarnart-bouquet709-medvilniniai-siulai","status":"publish","type":"product","link":"https:\/\/siulaiklaipeda.eu\/en\/product\/yarnart-bouquet709-medvilniniai-siulai\/","title":{"rendered":"YarnArt Bouquet 709"},"content":{"rendered":"<ul class=\"wp-block-list\">\n \t<li>YarnArt Bouquet 100 % medviln\u0117<\/li>\n \n \t<li>250 g , 500m,puikiai tinkantis si\u016blas vasaros mezginiams , palaidin\u0117ms , skaroms ar net vaik\u0173<\/li>\n \n \t<li>drabu\u017e\u0117liams .\u0160veln\u016bs ,bet tvirti,lengvai mezgami ir malon\u016bs odai .Gali b\u016bti derinamas su kitu si\u016blu,pvz moheriu.<\/li>\n \n \t<li>Rekomenduojami virbalai Nr 4 mm,v\u0105\u0161elis 4mm<\/li>\n \n \t<li>Manufacturer, YarnArt, Turkey<\/li>\n \n \t<li>Pristatymas visoje Lietuvoje<\/li>\n \n \t<li>U\u017esisakyk dabar ir prad\u0117k nauj\u0105 mezgimo projekt\u0105<\/li>\n<\/ul>","protected":false},"excerpt":{"rendered":"","protected":false},"featured_media":16094,"template":"","meta":[],"product_brand":[],"product_cat":[94,239],"product_tag":[],"class_list":{"0":"post-16093","1":"product","2":"type-product","3":"status-publish","4":"has-post-thumbnail","6":"product_cat-yarnart","7":"product_cat-bouquet","9":"first","10":"instock","11":"taxable","12":"shipping-taxable","13":"purchasable","14":"product-type-simple"},"_links":{"self":[{"href":"https:\/\/siulaiklaipeda.eu\/en\/wp-json\/wp\/v2\/product\/16093","targetHints":{"allow":["GET"]}}],"collection":[{"href":"https:\/\/siulaiklaipeda.eu\/en\/wp-json\/wp\/v2\/product"}],"about":[{"href":"https:\/\/siulaiklaipeda.eu\/en\/wp-json\/wp\/v2\/types\/product"}],"wp:featuredmedia":[{"embeddable":true,"href":"https:\/\/siulaiklaipeda.eu\/en\/wp-json\/wp\/v2\/media\/16094"}],"wp:attachment":[{"href":"https:\/\/siulaiklaipeda.eu\/en\/wp-json\/wp\/v2\/media?parent=16093"}],"wp:term":[{"taxonomy":"product_brand","embeddable":true,"href":"https:\/\/siulaiklaipeda.eu\/en\/wp-json\/wp\/v2\/product_brand?post=16093"},{"taxonomy":"product_cat","embeddable":true,"href":"https:\/\/siulaiklaipeda.eu\/en\/wp-json\/wp\/v2\/product_cat?post=16093"},{"taxonomy":"product_tag","embeddable":true,"href":"https:\/\/siulaiklaipeda.eu\/en\/wp-json\/wp\/v2\/product_tag?post=16093"}],"curies":[{"name":"wp","href":"https:\/\/api.w.org\/{rel}","templated":true}]}}