{"id":16085,"date":"2025-04-07T19:10:41","date_gmt":"2025-04-07T17:10:41","guid":{"rendered":"https:\/\/www.siulaiklaipeda.eu\/?post_type=product&#038;p=16085"},"modified":"2026-04-29T13:49:35","modified_gmt":"2026-04-29T10:49:35","slug":"yarnart-bouquet-705medvilniniai-siulai","status":"publish","type":"product","link":"https:\/\/siulaiklaipeda.eu\/en\/product\/yarnart-bouquet-705medvilniniai-siulai\/","title":{"rendered":"YarnArt Bouquet 705"},"content":{"rendered":"YarnArt Bouquet 100 % medviln\u0117 ,250 g , 500m,puikiai tinkantis si\u016blas vasaros mezginiams , palaidin\u0117ms , skaroms ar net vaik\u0173 drabu\u017e\u0117liams .\u0160veln\u016bs ,bet tvirti ,lengvai mezgami ir malon\u016bs odai .Gali b\u016bti derinamas su kitu si\u016blu, pavyzd\u017eiui su\u00a0 moheriu.\n\n<!-- \/wp:post-content --> <!-- wp:list-item -->\n\nRekomenduojami virbalai Nr 4 mm,v\u0105\u0161elis 4mm\n\n<!-- \/wp:list-item --> <!-- wp:list-item -->\n\nManufacturer, YarnArt, Turkey\n\n<!-- \/wp:list-item --> <!-- wp:list-item -->\n\nPristatymas visoje Lietuvoje\n\n<!-- \/wp:list-item --> <!-- wp:list-item -->\n\nU\u017esisakyk dabar ir prad\u0117k nauj\u0105 mezgimo projekt\u0105","protected":false},"excerpt":{"rendered":"<p>YarnArt Bouquet 100 % medviln\u0117 ,250 g , 500m,puikiai tinkantis si\u016blas vasaros mezginiams , palaidin\u0117ms , skaroms ar net vaik\u0173 drabu\u017e\u0117liams .\u0160veln\u016bs ,bet tvirti ,lengvai mezgami ir malon\u016bs odai .Gali b\u016bti derinamas su kitu si\u016blu, pavyzd\u017eiui su\u00a0 moheriu. Rekomenduojami virbalai Nr 4 mm,v\u0105\u0161elis 4mm Gamintojas ,YarnArt ,Turkija Pristatymas visoje Lietuvoje U\u017esisakyk dabar ir prad\u0117k nauj\u0105 [&hellip;]<\/p>\n","protected":false},"featured_media":16086,"template":"","meta":[],"product_brand":[],"product_cat":[94,239,45],"product_tag":[],"class_list":{"0":"post-16085","1":"product","2":"type-product","3":"status-publish","4":"has-post-thumbnail","6":"product_cat-yarnart","7":"product_cat-bouquet","8":"product_cat-mezgimo-siulai","10":"first","11":"instock","12":"taxable","13":"shipping-taxable","14":"purchasable","15":"product-type-simple"},"_links":{"self":[{"href":"https:\/\/siulaiklaipeda.eu\/en\/wp-json\/wp\/v2\/product\/16085","targetHints":{"allow":["GET"]}}],"collection":[{"href":"https:\/\/siulaiklaipeda.eu\/en\/wp-json\/wp\/v2\/product"}],"about":[{"href":"https:\/\/siulaiklaipeda.eu\/en\/wp-json\/wp\/v2\/types\/product"}],"wp:featuredmedia":[{"embeddable":true,"href":"https:\/\/siulaiklaipeda.eu\/en\/wp-json\/wp\/v2\/media\/16086"}],"wp:attachment":[{"href":"https:\/\/siulaiklaipeda.eu\/en\/wp-json\/wp\/v2\/media?parent=16085"}],"wp:term":[{"taxonomy":"product_brand","embeddable":true,"href":"https:\/\/siulaiklaipeda.eu\/en\/wp-json\/wp\/v2\/product_brand?post=16085"},{"taxonomy":"product_cat","embeddable":true,"href":"https:\/\/siulaiklaipeda.eu\/en\/wp-json\/wp\/v2\/product_cat?post=16085"},{"taxonomy":"product_tag","embeddable":true,"href":"https:\/\/siulaiklaipeda.eu\/en\/wp-json\/wp\/v2\/product_tag?post=16085"}],"curies":[{"name":"wp","href":"https:\/\/api.w.org\/{rel}","templated":true}]}}