{"id":15479,"date":"2025-03-17T21:26:05","date_gmt":"2025-03-17T19:26:05","guid":{"rendered":"https:\/\/www.siulaiklaipeda.eu\/?post_type=product&#038;p=15479"},"modified":"2025-09-25T18:14:56","modified_gmt":"2025-09-25T16:14:56","slug":"yarnart-cotton-soft-17","status":"publish","type":"product","link":"https:\/\/siulaiklaipeda.eu\/en\/product\/yarnart-cotton-soft-17\/","title":{"rendered":"YarnArt Cotton Soft 17"},"content":{"rendered":"<ul>\n<li><strong>Sud\u0117tis:<\/strong>\u00a055% medviln\u0117, 45% akrilas<br \/>\n<strong>Svoris:<\/strong>\u00a0\u00a0100 g<br \/>\n<strong>Ilgis:\u00a0<\/strong>\u00a0600 m<\/li>\n<li><strong>Gamintojas<\/strong>,YarnArt ,Turkija<\/li>\n<li>YarnArt Cotton Soft-medviln\u0117s ir akrilo mi\u0161inys ,labai mink\u0161tas ir \u0161velnus plonas\u00a0 si\u016blas j\u016bs\u0173 mezginiams.Tinka\u00a0 nerti v\u0105\u0161eliu ir virbalais.Po skalbimo mezginys nepakei\u010dia savo formos<\/li>\n<li>Rekomenduojami virbalai -Nr2-2.5<\/li>\n<li>Rekomenduojamas v\u0105\u0161elis-Nr 2-2.5<\/li>\n<\/ul>","protected":false},"excerpt":{"rendered":"<p>Sud\u0117tis:\u00a055% medviln\u0117, 45% akrilas Svoris:\u00a0\u00a0100 g Ilgis:\u00a0\u00a0600 m Gamintojas,YarnArt ,Turkija YarnArt Cotton Soft-medviln\u0117s ir akrilo mi\u0161inys ,labai mink\u0161tas ir \u0161velnus plonas\u00a0 si\u016blas j\u016bs\u0173 mezginiams.Tinka\u00a0 nerti v\u0105\u0161eliu ir virbalais.Po skalbimo mezginys nepakei\u010dia savo formos Rekomenduojami virbalai -Nr2-2.5 Rekomenduojamas v\u0105\u0161elis-Nr 2-2.5<\/p>","protected":false},"featured_media":15480,"template":"","meta":[],"product_brand":[],"product_cat":[94,236,51],"product_tag":[],"class_list":{"0":"post-15479","1":"product","2":"type-product","3":"status-publish","4":"has-post-thumbnail","6":"product_cat-yarnart","7":"product_cat-cotton-soft","8":"product_cat-medvilne","10":"first","11":"outofstock","12":"taxable","13":"shipping-taxable","14":"purchasable","15":"product-type-simple"},"_links":{"self":[{"href":"https:\/\/siulaiklaipeda.eu\/en\/wp-json\/wp\/v2\/product\/15479","targetHints":{"allow":["GET"]}}],"collection":[{"href":"https:\/\/siulaiklaipeda.eu\/en\/wp-json\/wp\/v2\/product"}],"about":[{"href":"https:\/\/siulaiklaipeda.eu\/en\/wp-json\/wp\/v2\/types\/product"}],"wp:featuredmedia":[{"embeddable":true,"href":"https:\/\/siulaiklaipeda.eu\/en\/wp-json\/wp\/v2\/media\/15480"}],"wp:attachment":[{"href":"https:\/\/siulaiklaipeda.eu\/en\/wp-json\/wp\/v2\/media?parent=15479"}],"wp:term":[{"taxonomy":"product_brand","embeddable":true,"href":"https:\/\/siulaiklaipeda.eu\/en\/wp-json\/wp\/v2\/product_brand?post=15479"},{"taxonomy":"product_cat","embeddable":true,"href":"https:\/\/siulaiklaipeda.eu\/en\/wp-json\/wp\/v2\/product_cat?post=15479"},{"taxonomy":"product_tag","embeddable":true,"href":"https:\/\/siulaiklaipeda.eu\/en\/wp-json\/wp\/v2\/product_tag?post=15479"}],"curies":[{"name":"wp","href":"https:\/\/api.w.org\/{rel}","templated":true}]}}