{"id":15351,"date":"2025-03-13T09:25:23","date_gmt":"2025-03-13T07:25:23","guid":{"rendered":"https:\/\/siulaiklaipeda.eu\/?post_type=product&#038;p=15351"},"modified":"2026-03-25T11:00:52","modified_gmt":"2026-03-25T09:00:52","slug":"gazzal-baby-cotton-3445","status":"publish","type":"product","link":"https:\/\/siulaiklaipeda.eu\/en\/product\/gazzal-baby-cotton-3445\/","title":{"rendered":"Gazzal Baby Cotton 3445"},"content":{"rendered":"<ul>\n<li>60% cotton, 40 % acrylic<\/li>\n<li>50 g, 165 m<\/li>\n<li>Manufacturer -Gazzal, Turkey<\/li>\n<li>Gentle and soft yarn for summer knitting, for children and adults. Wears well, does not pill. Wide color palette, from pastel to bright.<\/li>\n<\/ul>\n<p>&nbsp;<\/p>","protected":false},"excerpt":{"rendered":"<p>60% medviln\u0117 , 40 % akrilas 50 g ,165 m Gamintojas -Gazzal ,Turkija \u0160velnus ir mink\u0161tas si\u016blas vasaros mezginiams ,vaikams ir suaugusiems .Puikiai ne\u0161iojasi, nesipumpuruoja .Plati spalv\u0173 palet\u0117 ,nuo pastelini\u0173 iki ry\u0161ki\u0173. &nbsp;<\/p>","protected":false},"featured_media":15352,"template":"","meta":[],"product_brand":[],"product_cat":[97,237,51],"product_tag":[],"class_list":{"0":"post-15351","1":"product","2":"type-product","3":"status-publish","4":"has-post-thumbnail","6":"product_cat-gazzal","7":"product_cat-baby-cotton-gazzal","8":"product_cat-medvilne","10":"first","11":"instock","12":"taxable","13":"shipping-taxable","14":"purchasable","15":"product-type-simple"},"_links":{"self":[{"href":"https:\/\/siulaiklaipeda.eu\/en\/wp-json\/wp\/v2\/product\/15351","targetHints":{"allow":["GET"]}}],"collection":[{"href":"https:\/\/siulaiklaipeda.eu\/en\/wp-json\/wp\/v2\/product"}],"about":[{"href":"https:\/\/siulaiklaipeda.eu\/en\/wp-json\/wp\/v2\/types\/product"}],"wp:featuredmedia":[{"embeddable":true,"href":"https:\/\/siulaiklaipeda.eu\/en\/wp-json\/wp\/v2\/media\/15352"}],"wp:attachment":[{"href":"https:\/\/siulaiklaipeda.eu\/en\/wp-json\/wp\/v2\/media?parent=15351"}],"wp:term":[{"taxonomy":"product_brand","embeddable":true,"href":"https:\/\/siulaiklaipeda.eu\/en\/wp-json\/wp\/v2\/product_brand?post=15351"},{"taxonomy":"product_cat","embeddable":true,"href":"https:\/\/siulaiklaipeda.eu\/en\/wp-json\/wp\/v2\/product_cat?post=15351"},{"taxonomy":"product_tag","embeddable":true,"href":"https:\/\/siulaiklaipeda.eu\/en\/wp-json\/wp\/v2\/product_tag?post=15351"}],"curies":[{"name":"wp","href":"https:\/\/api.w.org\/{rel}","templated":true}]}}