{"id":15050,"date":"2025-02-25T12:20:35","date_gmt":"2025-02-25T10:20:35","guid":{"rendered":"https:\/\/siulaiklaipeda.eu\/?post_type=product&#038;p=15050"},"modified":"2026-01-28T16:49:52","modified_gmt":"2026-01-28T14:49:52","slug":"wolans-bunny-baby-76","status":"publish","type":"product","link":"https:\/\/siulaiklaipeda.eu\/en\/product\/wolans-bunny-baby-76\/","title":{"rendered":"Wolans Bunny Baby 76"},"content":{"rendered":"<ul>\n<li>Composition: 100 % super soft polyester<\/li>\n<li>Length: 100 g, 120 m<\/li>\n<li>Recommended brush: No. 4.5<\/li>\n<li>Recommended needles: No. 6<\/li>\n<li>Manufacturer: Wolans Yarn, Turkey<\/li>\n<\/ul>\n<p>Extra soft plush yarn for toys, blankets, sweaters.<\/p>","protected":false},"excerpt":{"rendered":"<p>Sud\u0117tis : 100 % super soft\u00a0 poliesteris Ilgis :100 g ,120 m Rekomenduojamas v\u0105\u0161elis :Nr 4.5 Rekomenduojami virbalai :Nr 6 Gamintojas :Wolans Yarn ,Turkija Ypatingo \u0161velnumo\u00a0 pliu\u0161iniai si\u016blai \u017eaislams ,pledams ,megztiniams .<\/p>","protected":false},"featured_media":23288,"template":"","meta":[],"product_brand":[],"product_cat":[45,170,95],"product_tag":[],"class_list":{"0":"post-15050","1":"product","2":"type-product","3":"status-publish","4":"has-post-thumbnail","6":"product_cat-mezgimo-siulai","7":"product_cat-bunny-baby","8":"product_cat-wolans-yarns","10":"first","11":"instock","12":"taxable","13":"shipping-taxable","14":"purchasable","15":"product-type-simple"},"_links":{"self":[{"href":"https:\/\/siulaiklaipeda.eu\/en\/wp-json\/wp\/v2\/product\/15050","targetHints":{"allow":["GET"]}}],"collection":[{"href":"https:\/\/siulaiklaipeda.eu\/en\/wp-json\/wp\/v2\/product"}],"about":[{"href":"https:\/\/siulaiklaipeda.eu\/en\/wp-json\/wp\/v2\/types\/product"}],"wp:featuredmedia":[{"embeddable":true,"href":"https:\/\/siulaiklaipeda.eu\/en\/wp-json\/wp\/v2\/media\/23288"}],"wp:attachment":[{"href":"https:\/\/siulaiklaipeda.eu\/en\/wp-json\/wp\/v2\/media?parent=15050"}],"wp:term":[{"taxonomy":"product_brand","embeddable":true,"href":"https:\/\/siulaiklaipeda.eu\/en\/wp-json\/wp\/v2\/product_brand?post=15050"},{"taxonomy":"product_cat","embeddable":true,"href":"https:\/\/siulaiklaipeda.eu\/en\/wp-json\/wp\/v2\/product_cat?post=15050"},{"taxonomy":"product_tag","embeddable":true,"href":"https:\/\/siulaiklaipeda.eu\/en\/wp-json\/wp\/v2\/product_tag?post=15050"}],"curies":[{"name":"wp","href":"https:\/\/api.w.org\/{rel}","templated":true}]}}