{"id":14923,"date":"2025-02-18T12:18:11","date_gmt":"2025-02-18T10:18:11","guid":{"rendered":"https:\/\/siulaiklaipeda.eu\/?post_type=product&#038;p=14923"},"modified":"2026-04-22T19:37:30","modified_gmt":"2026-04-22T16:37:30","slug":"alize-wooltime-208","status":"publish","type":"product","link":"https:\/\/siulaiklaipeda.eu\/en\/product\/alize-wooltime-208\/","title":{"rendered":"Alize Wooltime 208"},"content":{"rendered":"<ul>\n<li>Composition: 75% wool, 25% polyamide<\/li>\n<li>Length: 100 g, 200 m<\/li>\n<li>Manufacturer: Alize. Turkey<\/li>\n<\/ul>\n<p>Alize Wooltime \u2013 kojin\u0117ms\u00a0 \u00a0skirti\u00a0 \u00a0si\u016blai , ta\u010diau\u00a0 puikiai\u00a0 tinkantys\u00a0 ir visiems\u00a0 kitiems mezginiams . Si\u016blas labai\u00a0 \u0161iltas , mink\u0161tas , \u0161velnus ,gerai ne\u0161iojasi ,mezginiai skalbiami skalbimo ma\u0161inoje.<\/p>","protected":false},"excerpt":{"rendered":"<p>Sud\u0117tis :75% vilna , 25% poliamidas Ilgis :100 g ,200 m Gamintojas :Alize\u00a0 .Turkija Alize Wooltime \u2013 kojin\u0117ms\u00a0 \u00a0skirti\u00a0 \u00a0si\u016blai , ta\u010diau\u00a0 puikiai\u00a0 tinkantys\u00a0 ir visiems\u00a0 kitiems mezginiams . Si\u016blas labai\u00a0 \u0161iltas , mink\u0161tas , \u0161velnus ,gerai ne\u0161iojasi ,mezginiai skalbiami skalbimo ma\u0161inoje.<\/p>","protected":false},"featured_media":14951,"template":"","meta":[],"product_brand":[],"product_cat":[108,92,142],"product_tag":[],"class_list":{"0":"post-14923","1":"product","2":"type-product","3":"status-publish","4":"has-post-thumbnail","6":"product_cat-kojininiai-siulai","7":"product_cat-alize","8":"product_cat-wooltime","10":"first","11":"instock","12":"taxable","13":"shipping-taxable","14":"purchasable","15":"product-type-simple"},"_links":{"self":[{"href":"https:\/\/siulaiklaipeda.eu\/en\/wp-json\/wp\/v2\/product\/14923","targetHints":{"allow":["GET"]}}],"collection":[{"href":"https:\/\/siulaiklaipeda.eu\/en\/wp-json\/wp\/v2\/product"}],"about":[{"href":"https:\/\/siulaiklaipeda.eu\/en\/wp-json\/wp\/v2\/types\/product"}],"wp:featuredmedia":[{"embeddable":true,"href":"https:\/\/siulaiklaipeda.eu\/en\/wp-json\/wp\/v2\/media\/14951"}],"wp:attachment":[{"href":"https:\/\/siulaiklaipeda.eu\/en\/wp-json\/wp\/v2\/media?parent=14923"}],"wp:term":[{"taxonomy":"product_brand","embeddable":true,"href":"https:\/\/siulaiklaipeda.eu\/en\/wp-json\/wp\/v2\/product_brand?post=14923"},{"taxonomy":"product_cat","embeddable":true,"href":"https:\/\/siulaiklaipeda.eu\/en\/wp-json\/wp\/v2\/product_cat?post=14923"},{"taxonomy":"product_tag","embeddable":true,"href":"https:\/\/siulaiklaipeda.eu\/en\/wp-json\/wp\/v2\/product_tag?post=14923"}],"curies":[{"name":"wp","href":"https:\/\/api.w.org\/{rel}","templated":true}]}}