{"id":14390,"date":"2025-01-26T21:01:38","date_gmt":"2025-01-26T19:01:38","guid":{"rendered":"https:\/\/siulaiklaipeda.eu\/?post_type=product&#038;p=14390"},"modified":"2026-03-22T11:33:47","modified_gmt":"2026-03-22T09:33:47","slug":"yarnart-stylish-alpaca-7706","status":"publish","type":"product","link":"https:\/\/siulaiklaipeda.eu\/en\/product\/yarnart-stylish-alpaca-7706\/","title":{"rendered":"YarnArt Stylish Alpaca 7706"},"content":{"rendered":"<ul>\n<li>YarnArt Stylish Alpaca<\/li>\n<li>Composition- 25% alpaca, 75 % acrylic<\/li>\n<li>Length \u2013 150 g, 525 m, recommended needles No. 3.5 mm, hook No. 3mm<\/li>\n<li>Manufacturer - YarnArt, Turkey<\/li>\n<li>These high-quality yarns are distinguished not only by their elegant color transitions, but also by their softness and sense of gentleness. They are perfect for sweaters, scarves, and shawls.<\/li>\n<\/ul>","protected":false},"excerpt":{"rendered":"<p>YarnArt Stylish Alpaca Sud\u0117tis- 25% alpaka ,75 % akrilas Ilgis &#8211; 150 g ,525 m\u00a0 ,rekomenduojami virbalai Nr 3.5 mm\u00a0 ,v\u0105\u0161elis Nr 3mm Gamintojas -YarnArt ,Turkija \u0160ie auk\u0161tos kokyb\u0117s si\u016blai i\u0161siskiria ne tik eleganti\u0161kais spalv\u0173 per\u0117jimais ,bet ir mink\u0161tumu ,\u0161velnumo poju\u010diu .Puikiai tinka megztiniams ,\u0161alikams ,skraist\u0117ms .<\/p>","protected":false},"featured_media":14371,"template":"","meta":[],"product_brand":[],"product_cat":[94,55,234,47],"product_tag":[],"class_list":{"0":"post-14390","1":"product","2":"type-product","3":"status-publish","4":"has-post-thumbnail","6":"product_cat-yarnart","7":"product_cat-alpaka","8":"product_cat-stylish-alpaca","9":"product_cat-vilna","11":"first","12":"instock","13":"taxable","14":"shipping-taxable","15":"purchasable","16":"product-type-simple"},"_links":{"self":[{"href":"https:\/\/siulaiklaipeda.eu\/en\/wp-json\/wp\/v2\/product\/14390","targetHints":{"allow":["GET"]}}],"collection":[{"href":"https:\/\/siulaiklaipeda.eu\/en\/wp-json\/wp\/v2\/product"}],"about":[{"href":"https:\/\/siulaiklaipeda.eu\/en\/wp-json\/wp\/v2\/types\/product"}],"wp:featuredmedia":[{"embeddable":true,"href":"https:\/\/siulaiklaipeda.eu\/en\/wp-json\/wp\/v2\/media\/14371"}],"wp:attachment":[{"href":"https:\/\/siulaiklaipeda.eu\/en\/wp-json\/wp\/v2\/media?parent=14390"}],"wp:term":[{"taxonomy":"product_brand","embeddable":true,"href":"https:\/\/siulaiklaipeda.eu\/en\/wp-json\/wp\/v2\/product_brand?post=14390"},{"taxonomy":"product_cat","embeddable":true,"href":"https:\/\/siulaiklaipeda.eu\/en\/wp-json\/wp\/v2\/product_cat?post=14390"},{"taxonomy":"product_tag","embeddable":true,"href":"https:\/\/siulaiklaipeda.eu\/en\/wp-json\/wp\/v2\/product_tag?post=14390"}],"curies":[{"name":"wp","href":"https:\/\/api.w.org\/{rel}","templated":true}]}}