{"id":14331,"date":"2025-01-26T19:02:24","date_gmt":"2025-01-26T17:02:24","guid":{"rendered":"https:\/\/siulaiklaipeda.eu\/?post_type=product&#038;p=14331"},"modified":"2026-03-27T10:58:55","modified_gmt":"2026-03-27T08:58:55","slug":"gazzal-merilyn-merinos-8254","status":"publish","type":"product","link":"https:\/\/siulaiklaipeda.eu\/en\/product\/gazzal-merilyn-merinos-8254\/","title":{"rendered":"Gazzal Marilyn &amp; Merinos 8254"},"content":{"rendered":"<ul>\n<li>Gazzal Merilyn &amp; Merinos<\/li>\n<li>Weight -50 g<\/li>\n<li>Length \u2013 88 m<\/li>\n<li>Composition -41 % Australian merino wool,59 % polyamide<\/li>\n<li>Incredible softness and softness - ideal for sensitive skin, hand wash in cold water recommended.<\/li>\n<\/ul>","protected":false},"excerpt":{"rendered":"<p>Gazzal Merilyn &amp; Merinos Svoris -50 g Ilgis &#8211; 88 m Sud\u0117tis -41 % australi\u0161ka merino vilna ,59 % poliamidas Ne\u012ftik\u0117tinas purumas ir \u0161velnumas &#8211; idealiai tinka jautriai odai ,rekomenduojama\u00a0 skalbti rankomis \u0161altame vandenyje.<\/p>","protected":false},"featured_media":14303,"template":"","meta":[],"product_brand":[],"product_cat":[97,233,45,47],"product_tag":[],"class_list":{"0":"post-14331","1":"product","2":"type-product","3":"status-publish","4":"has-post-thumbnail","6":"product_cat-gazzal","7":"product_cat-marilyn-merinos","8":"product_cat-mezgimo-siulai","9":"product_cat-vilna","11":"first","12":"instock","13":"taxable","14":"shipping-taxable","15":"purchasable","16":"product-type-simple"},"_links":{"self":[{"href":"https:\/\/siulaiklaipeda.eu\/en\/wp-json\/wp\/v2\/product\/14331","targetHints":{"allow":["GET"]}}],"collection":[{"href":"https:\/\/siulaiklaipeda.eu\/en\/wp-json\/wp\/v2\/product"}],"about":[{"href":"https:\/\/siulaiklaipeda.eu\/en\/wp-json\/wp\/v2\/types\/product"}],"wp:featuredmedia":[{"embeddable":true,"href":"https:\/\/siulaiklaipeda.eu\/en\/wp-json\/wp\/v2\/media\/14303"}],"wp:attachment":[{"href":"https:\/\/siulaiklaipeda.eu\/en\/wp-json\/wp\/v2\/media?parent=14331"}],"wp:term":[{"taxonomy":"product_brand","embeddable":true,"href":"https:\/\/siulaiklaipeda.eu\/en\/wp-json\/wp\/v2\/product_brand?post=14331"},{"taxonomy":"product_cat","embeddable":true,"href":"https:\/\/siulaiklaipeda.eu\/en\/wp-json\/wp\/v2\/product_cat?post=14331"},{"taxonomy":"product_tag","embeddable":true,"href":"https:\/\/siulaiklaipeda.eu\/en\/wp-json\/wp\/v2\/product_tag?post=14331"}],"curies":[{"name":"wp","href":"https:\/\/api.w.org\/{rel}","templated":true}]}}