{"id":14227,"date":"2025-01-22T12:52:38","date_gmt":"2025-01-22T10:52:38","guid":{"rendered":"https:\/\/siulaiklaipeda.eu\/?post_type=product&#038;p=14227"},"modified":"2026-04-19T19:25:55","modified_gmt":"2026-04-19T16:25:55","slug":"gazzal-super-kid-mohair-64405","status":"publish","type":"product","link":"https:\/\/siulaiklaipeda.eu\/en\/product\/gazzal-super-kid-mohair-64405\/","title":{"rendered":"Gazzal Super Kid Mohair 64405"},"content":{"rendered":"<ul>\n<li>Composition: 47 % Super Kid Mohair, 31 % Superwash Merino wool, 22% polyamide<\/li>\n<li>Length: 25 g, 237 m<\/li>\n<li>The manufacturer recommends needles No. 3, needle No. 2.5-3<\/li>\n<\/ul>\n<p>Extremely soft super kid mohair thread with wool and a small amount of polyamide, which gives the product strength. The knits from this thread will be fluffy, light and warm. You can use this thread as an additional thread to another textured thread<\/p>","protected":false},"excerpt":{"rendered":"<p>Sud\u0117tis : 47 % Super Kid Mohair ,31 % Superwash Merino vilna, 22% poliamidas Ilgis : 25 g ,237 m Gamintojo rekomenduojami virbalai Nr 3,v\u0105\u0161elis Nr 2.5-3 Ypatingo \u0161velnumo\u00a0 super kid moheros si\u016blas su vilna ir nedideliu kiekiu poliamido , kuris gaminiui suteikia\u00a0 \u00a0tvirtumo .Mezginiai\u00a0 i\u0161 \u0161io si\u016blo bus pur\u016bs ,lengvi ir \u0161ilti .Galima \u0161\u012f [&hellip;]<\/p>","protected":false},"featured_media":14232,"template":"","meta":[],"product_brand":[],"product_cat":[97,45,49,193],"product_tag":[],"class_list":{"0":"post-14227","1":"product","2":"type-product","3":"status-publish","4":"has-post-thumbnail","6":"product_cat-gazzal","7":"product_cat-mezgimo-siulai","8":"product_cat-mohera","9":"product_cat-super-kid-mohair","11":"first","12":"instock","13":"sale","14":"taxable","15":"shipping-taxable","16":"purchasable","17":"product-type-simple"},"_links":{"self":[{"href":"https:\/\/siulaiklaipeda.eu\/en\/wp-json\/wp\/v2\/product\/14227","targetHints":{"allow":["GET"]}}],"collection":[{"href":"https:\/\/siulaiklaipeda.eu\/en\/wp-json\/wp\/v2\/product"}],"about":[{"href":"https:\/\/siulaiklaipeda.eu\/en\/wp-json\/wp\/v2\/types\/product"}],"wp:featuredmedia":[{"embeddable":true,"href":"https:\/\/siulaiklaipeda.eu\/en\/wp-json\/wp\/v2\/media\/14232"}],"wp:attachment":[{"href":"https:\/\/siulaiklaipeda.eu\/en\/wp-json\/wp\/v2\/media?parent=14227"}],"wp:term":[{"taxonomy":"product_brand","embeddable":true,"href":"https:\/\/siulaiklaipeda.eu\/en\/wp-json\/wp\/v2\/product_brand?post=14227"},{"taxonomy":"product_cat","embeddable":true,"href":"https:\/\/siulaiklaipeda.eu\/en\/wp-json\/wp\/v2\/product_cat?post=14227"},{"taxonomy":"product_tag","embeddable":true,"href":"https:\/\/siulaiklaipeda.eu\/en\/wp-json\/wp\/v2\/product_tag?post=14227"}],"curies":[{"name":"wp","href":"https:\/\/api.w.org\/{rel}","templated":true}]}}