{"id":14153,"date":"2025-01-16T19:30:07","date_gmt":"2025-01-16T17:30:07","guid":{"rendered":"https:\/\/siulaiklaipeda.eu\/?post_type=product&#038;p=14153"},"modified":"2026-03-28T11:29:37","modified_gmt":"2026-03-28T09:29:37","slug":"yarnart-dolce-797","status":"publish","type":"product","link":"https:\/\/siulaiklaipeda.eu\/en\/product\/yarnart-dolce-797\/","title":{"rendered":"YarnArt Dolce 797"},"content":{"rendered":"<ul>\n<li>Composition: 100 % micro polyester<\/li>\n<li>Length: 100 g, 120 m<\/li>\n<li>Recommended brush: No. 4.5<\/li>\n<li>Recommended needles: No. 6<\/li>\n<li>Manufacturer: YarnArt, Turkey<\/li>\n<\/ul>\n<p>Extra soft plush yarn for toys, blankets, sweaters.<\/p>","protected":false},"excerpt":{"rendered":"<p>Sud\u0117tis : 100 % mikro\u00a0 poliesteris Ilgis :100 g ,120 m Rekomenduojamas v\u0105\u0161elis :Nr 4.5 Rekomenduojami virbalai :Nr 6 Gamintojas : YarnArt ,Turkija Ypatingo \u0161velnumo\u00a0 pliu\u0161iniai si\u016blai \u017eaislams ,pledams ,megztiniams .<\/p>","protected":false},"featured_media":14162,"template":"","meta":[],"product_brand":[],"product_cat":[144,45,94],"product_tag":[],"class_list":{"0":"post-14153","1":"product","2":"type-product","3":"status-publish","4":"has-post-thumbnail","6":"product_cat-dolce","7":"product_cat-mezgimo-siulai","8":"product_cat-yarnart","10":"first","11":"outofstock","12":"taxable","13":"shipping-taxable","14":"purchasable","15":"product-type-simple"},"_links":{"self":[{"href":"https:\/\/siulaiklaipeda.eu\/en\/wp-json\/wp\/v2\/product\/14153","targetHints":{"allow":["GET"]}}],"collection":[{"href":"https:\/\/siulaiklaipeda.eu\/en\/wp-json\/wp\/v2\/product"}],"about":[{"href":"https:\/\/siulaiklaipeda.eu\/en\/wp-json\/wp\/v2\/types\/product"}],"wp:featuredmedia":[{"embeddable":true,"href":"https:\/\/siulaiklaipeda.eu\/en\/wp-json\/wp\/v2\/media\/14162"}],"wp:attachment":[{"href":"https:\/\/siulaiklaipeda.eu\/en\/wp-json\/wp\/v2\/media?parent=14153"}],"wp:term":[{"taxonomy":"product_brand","embeddable":true,"href":"https:\/\/siulaiklaipeda.eu\/en\/wp-json\/wp\/v2\/product_brand?post=14153"},{"taxonomy":"product_cat","embeddable":true,"href":"https:\/\/siulaiklaipeda.eu\/en\/wp-json\/wp\/v2\/product_cat?post=14153"},{"taxonomy":"product_tag","embeddable":true,"href":"https:\/\/siulaiklaipeda.eu\/en\/wp-json\/wp\/v2\/product_tag?post=14153"}],"curies":[{"name":"wp","href":"https:\/\/api.w.org\/{rel}","templated":true}]}}