{"id":14152,"date":"2025-01-16T18:15:21","date_gmt":"2025-01-16T16:15:21","guid":{"rendered":"https:\/\/siulaiklaipeda.eu\/?post_type=product&#038;p=14152"},"modified":"2025-11-03T19:20:57","modified_gmt":"2025-11-03T17:20:57","slug":"gazzal-baby-cotton-205-529","status":"publish","type":"product","link":"https:\/\/siulaiklaipeda.eu\/en\/product\/gazzal-baby-cotton-205-529\/","title":{"rendered":"Gazzal Baby Cotton 205-529"},"content":{"rendered":"<ul>\n<li>Composition: 50% cotton, 50 % acrylic<\/li>\n<li>Length: 50 g, 205 m<\/li>\n<li>Needles No. 3-3.5mm are recommended<\/li>\n<li>The recommended size is 2-2.5 mm<\/li>\n<li>Manufacturer Gazzal, Turkey<\/li>\n<\/ul>\n<p>The thread is very soft and gentle.<\/p>","protected":false},"excerpt":{"rendered":"<p>Sud\u0117tis :50% medviln\u0117 , 50 % akrilas Ilgis : 50 g ,205 m Rekomenduojami virbalai Nr 3-3,5mm Rekomenduojamas v\u0105\u0161elis Nr 2-2,5mm Gamintojas Gazzal ,Turkija Si\u016blas labai mink\u0161tas ir \u0161velnus<\/p>","protected":false},"featured_media":14160,"template":"","meta":[],"product_brand":[],"product_cat":[97,159,51],"product_tag":[],"class_list":{"0":"post-14152","1":"product","2":"type-product","3":"status-publish","4":"has-post-thumbnail","6":"product_cat-gazzal","7":"product_cat-baby-cotton","8":"product_cat-medvilne","10":"first","11":"outofstock","12":"taxable","13":"shipping-taxable","14":"purchasable","15":"product-type-simple"},"_links":{"self":[{"href":"https:\/\/siulaiklaipeda.eu\/en\/wp-json\/wp\/v2\/product\/14152","targetHints":{"allow":["GET"]}}],"collection":[{"href":"https:\/\/siulaiklaipeda.eu\/en\/wp-json\/wp\/v2\/product"}],"about":[{"href":"https:\/\/siulaiklaipeda.eu\/en\/wp-json\/wp\/v2\/types\/product"}],"wp:featuredmedia":[{"embeddable":true,"href":"https:\/\/siulaiklaipeda.eu\/en\/wp-json\/wp\/v2\/media\/14160"}],"wp:attachment":[{"href":"https:\/\/siulaiklaipeda.eu\/en\/wp-json\/wp\/v2\/media?parent=14152"}],"wp:term":[{"taxonomy":"product_brand","embeddable":true,"href":"https:\/\/siulaiklaipeda.eu\/en\/wp-json\/wp\/v2\/product_brand?post=14152"},{"taxonomy":"product_cat","embeddable":true,"href":"https:\/\/siulaiklaipeda.eu\/en\/wp-json\/wp\/v2\/product_cat?post=14152"},{"taxonomy":"product_tag","embeddable":true,"href":"https:\/\/siulaiklaipeda.eu\/en\/wp-json\/wp\/v2\/product_tag?post=14152"}],"curies":[{"name":"wp","href":"https:\/\/api.w.org\/{rel}","templated":true}]}}