{"id":14148,"date":"2025-01-16T18:06:00","date_gmt":"2025-01-16T16:06:00","guid":{"rendered":"https:\/\/siulaiklaipeda.eu\/?post_type=product&#038;p=14148"},"modified":"2025-11-03T19:20:57","modified_gmt":"2025-11-03T17:20:57","slug":"gazzal-baby-cotton-205-530","status":"publish","type":"product","link":"https:\/\/siulaiklaipeda.eu\/en\/product\/gazzal-baby-cotton-205-530\/","title":{"rendered":"Gazzal Baby Cotton 205-530"},"content":{"rendered":"<ul>\n<li>Composition: 50% cotton, 50 % acrylic<\/li>\n<li>Length: 50 g, 205 m<\/li>\n<li>Needles No. 3-3.5mm are recommended<\/li>\n<li>The recommended size is 2-2.5 mm<\/li>\n<li>Manufacturer Gazzal, Turkey<\/li>\n<\/ul>\n<p>The thread is very soft and gentle.<\/p>","protected":false},"excerpt":{"rendered":"<p>Sud\u0117tis :50% medviln\u0117 , 50 % akrilas Ilgis : 50 g ,205 m Rekomenduojami virbalai Nr 3-3,5mm Rekomenduojamas v\u0105\u0161elis Nr 2-2,5mm Gamintojas Gazzal ,Turkija Si\u016blas labai mink\u0161tas ir \u0161velnus .<\/p>","protected":false},"featured_media":0,"template":"","meta":[],"product_brand":[],"product_cat":[97,159],"product_tag":[],"class_list":{"0":"post-14148","1":"product","2":"type-product","3":"status-publish","5":"product_cat-gazzal","6":"product_cat-baby-cotton","8":"first","9":"outofstock","10":"taxable","11":"shipping-taxable","12":"purchasable","13":"product-type-simple"},"_links":{"self":[{"href":"https:\/\/siulaiklaipeda.eu\/en\/wp-json\/wp\/v2\/product\/14148","targetHints":{"allow":["GET"]}}],"collection":[{"href":"https:\/\/siulaiklaipeda.eu\/en\/wp-json\/wp\/v2\/product"}],"about":[{"href":"https:\/\/siulaiklaipeda.eu\/en\/wp-json\/wp\/v2\/types\/product"}],"wp:attachment":[{"href":"https:\/\/siulaiklaipeda.eu\/en\/wp-json\/wp\/v2\/media?parent=14148"}],"wp:term":[{"taxonomy":"product_brand","embeddable":true,"href":"https:\/\/siulaiklaipeda.eu\/en\/wp-json\/wp\/v2\/product_brand?post=14148"},{"taxonomy":"product_cat","embeddable":true,"href":"https:\/\/siulaiklaipeda.eu\/en\/wp-json\/wp\/v2\/product_cat?post=14148"},{"taxonomy":"product_tag","embeddable":true,"href":"https:\/\/siulaiklaipeda.eu\/en\/wp-json\/wp\/v2\/product_tag?post=14148"}],"curies":[{"name":"wp","href":"https:\/\/api.w.org\/{rel}","templated":true}]}}