{"id":14107,"date":"2025-01-14T20:05:44","date_gmt":"2025-01-14T18:05:44","guid":{"rendered":"https:\/\/siulaiklaipeda.eu\/?post_type=product&#038;p=14107"},"modified":"2026-02-07T12:12:48","modified_gmt":"2026-02-07T10:12:48","slug":"yarnart-alpaca-gold-paillettes-9314","status":"publish","type":"product","link":"https:\/\/siulaiklaipeda.eu\/en\/product\/yarnart-alpaca-gold-paillettes-9314\/","title":{"rendered":"YarnArt Alpaca Gold Paillettes 9314"},"content":{"rendered":"<ul>\n<li>YarnArt Alpaca Gold Sequins<\/li>\n<li>Composition \u2013 20 % alpaca wool, 5 % polyester, 75 % acrylic<\/li>\n<li>Length -50 g, 180 m<\/li>\n<li>Recommended needles No. 3.5<\/li>\n<li>This yarn is perfect for light and warm knits. Elegant sequins give it an exceptional shine and splendor. The yarn is soft and warm because it contains alpaca wool. Wide selection of colors from pastel to bright shades<\/li>\n<\/ul>","protected":false},"excerpt":{"rendered":"<p>YarnArt Alpaca Gold Paillettes Sud\u0117tis &#8211; 20 % alpak\u0173 vilna , 5 % poliesteris ,75 %\u00a0 akrilas Ilgis -50 g ,180 m Rekomenduojami virbalai Nr 3.5 \u0160is si\u016blas puikiai tinka lengviems ir \u0161iltiems mezginiams .Eleganti\u0161ki blizgu\u010diai\u00a0 suteikia i\u0161skirtinio spindesio ir puo\u0161numo. Si\u016blas mink\u0161tas ir \u0161iltas ,nes sud\u0117tyje yra alpakos vilnos .Platus spalv\u0173 pasirinkimas nuo pastelini\u0173 [&hellip;]<\/p>","protected":false},"featured_media":20709,"template":"","meta":[],"product_brand":[],"product_cat":[94,232,55,47],"product_tag":[],"class_list":{"0":"post-14107","1":"product","2":"type-product","3":"status-publish","4":"has-post-thumbnail","6":"product_cat-yarnart","7":"product_cat-alpaca-gold-paillettes","8":"product_cat-alpaka","9":"product_cat-vilna","11":"first","12":"outofstock","13":"taxable","14":"shipping-taxable","15":"purchasable","16":"product-type-simple"},"_links":{"self":[{"href":"https:\/\/siulaiklaipeda.eu\/en\/wp-json\/wp\/v2\/product\/14107","targetHints":{"allow":["GET"]}}],"collection":[{"href":"https:\/\/siulaiklaipeda.eu\/en\/wp-json\/wp\/v2\/product"}],"about":[{"href":"https:\/\/siulaiklaipeda.eu\/en\/wp-json\/wp\/v2\/types\/product"}],"wp:featuredmedia":[{"embeddable":true,"href":"https:\/\/siulaiklaipeda.eu\/en\/wp-json\/wp\/v2\/media\/20709"}],"wp:attachment":[{"href":"https:\/\/siulaiklaipeda.eu\/en\/wp-json\/wp\/v2\/media?parent=14107"}],"wp:term":[{"taxonomy":"product_brand","embeddable":true,"href":"https:\/\/siulaiklaipeda.eu\/en\/wp-json\/wp\/v2\/product_brand?post=14107"},{"taxonomy":"product_cat","embeddable":true,"href":"https:\/\/siulaiklaipeda.eu\/en\/wp-json\/wp\/v2\/product_cat?post=14107"},{"taxonomy":"product_tag","embeddable":true,"href":"https:\/\/siulaiklaipeda.eu\/en\/wp-json\/wp\/v2\/product_tag?post=14107"}],"curies":[{"name":"wp","href":"https:\/\/api.w.org\/{rel}","templated":true}]}}