{"id":14075,"date":"2025-01-14T19:47:11","date_gmt":"2025-01-14T17:47:11","guid":{"rendered":"https:\/\/siulaiklaipeda.eu\/?post_type=product&#038;p=14075"},"modified":"2025-10-06T18:35:10","modified_gmt":"2025-10-06T16:35:10","slug":"yarnart-alpine-angora-melange-6414","status":"publish","type":"product","link":"https:\/\/siulaiklaipeda.eu\/en\/product\/yarnart-alpine-angora-melange-6414\/","title":{"rendered":"YarnArt Alpine Angora Melange 6414"},"content":{"rendered":"<ul>\n<li>YarnArt Alpine Angora Melange<\/li>\n<li>Composition -20 % wool ,80 % acrylic<\/li>\n<li>Weight -150 g, length 150 m<\/li>\n<li>Recommended needles -9 mm, hook -9mm<\/li>\n<li>Thick yarn for sweaters, scarves, cardigans and other warm knitting ideas. Unique gradient shades give knitwear a distinctive look.<\/li>\n<li>An average sized sweater requires 5 balls.<\/li>\n<\/ul>","protected":false},"excerpt":{"rendered":"<p>YarnArt Alpine Angora Melange Sud\u0117tis -20 % vilna ,80 % akrilas Svoris -150 g ,ilgis 150 m Rekomenduojami virbalai -9 mm ,v\u0105\u0161elis -9mm Storas si\u016blas megztiniams ,\u0161alikams ,kardiganams ir kitoms \u0161ilum\u0105 teikian\u010dioms mezgini\u0173 id\u0117joms.Unikal\u016bs pereinami atspalviai suteikia mezginiams i\u0161skirtin\u012f vaizd\u0105. Vidutinio dyd\u017eio megztiniui reikia vidutini\u0161kai 5 kamuoliuk\u0173<\/p>","protected":false},"featured_media":14901,"template":"","meta":[],"product_brand":[],"product_cat":[94,231,254,47],"product_tag":[],"class_list":{"0":"post-14075","1":"product","2":"type-product","3":"status-publish","4":"has-post-thumbnail","6":"product_cat-yarnart","7":"product_cat-alpine-angora-melange","8":"product_cat-ispardavimas","9":"product_cat-vilna","11":"first","12":"outofstock","13":"sale","14":"taxable","15":"shipping-taxable","16":"purchasable","17":"product-type-simple"},"_links":{"self":[{"href":"https:\/\/siulaiklaipeda.eu\/en\/wp-json\/wp\/v2\/product\/14075","targetHints":{"allow":["GET"]}}],"collection":[{"href":"https:\/\/siulaiklaipeda.eu\/en\/wp-json\/wp\/v2\/product"}],"about":[{"href":"https:\/\/siulaiklaipeda.eu\/en\/wp-json\/wp\/v2\/types\/product"}],"wp:featuredmedia":[{"embeddable":true,"href":"https:\/\/siulaiklaipeda.eu\/en\/wp-json\/wp\/v2\/media\/14901"}],"wp:attachment":[{"href":"https:\/\/siulaiklaipeda.eu\/en\/wp-json\/wp\/v2\/media?parent=14075"}],"wp:term":[{"taxonomy":"product_brand","embeddable":true,"href":"https:\/\/siulaiklaipeda.eu\/en\/wp-json\/wp\/v2\/product_brand?post=14075"},{"taxonomy":"product_cat","embeddable":true,"href":"https:\/\/siulaiklaipeda.eu\/en\/wp-json\/wp\/v2\/product_cat?post=14075"},{"taxonomy":"product_tag","embeddable":true,"href":"https:\/\/siulaiklaipeda.eu\/en\/wp-json\/wp\/v2\/product_tag?post=14075"}],"curies":[{"name":"wp","href":"https:\/\/api.w.org\/{rel}","templated":true}]}}