{"id":11510,"date":"2024-08-31T10:54:11","date_gmt":"2024-08-31T08:54:11","guid":{"rendered":"https:\/\/siulaiklaipeda.eu\/?post_type=product&#038;p=11510"},"modified":"2025-08-11T07:53:55","modified_gmt":"2025-08-11T05:53:55","slug":"alize-softy-plus-465","status":"publish","type":"product","link":"https:\/\/siulaiklaipeda.eu\/en\/product\/alize-softy-plus-465\/","title":{"rendered":"Alize Softy Plus 465"},"content":{"rendered":"<ul>\n<li>Composition: 100 % micropolyester<\/li>\n<li>Length: 100 g 120 m<\/li>\n<li>Needles No. 5-6 are recommended<\/li>\n<li>Recommended size: 3-5<\/li>\n<\/ul>\n<p>Ideal thread for toys, blankets, children&#039;s clothes<\/p>","protected":false},"excerpt":{"rendered":"<p>Sud\u0117tis : 100 % mikropoliesteris Ilgis:100 g 120 m Rekomenduojami virbalai Nr :5-6 Rekomenduojamas v\u0105\u0161elis Nr :3-5 Idealus si\u016blas \u017eaisliukams ,pledams ,vaiki\u0161kiems r\u016bbeliams<\/p>","protected":false},"featured_media":11511,"template":"","meta":[],"product_brand":[],"product_cat":[92,109,136],"product_tag":[],"class_list":{"0":"post-11510","1":"product","2":"type-product","3":"status-publish","4":"has-post-thumbnail","6":"product_cat-alize","7":"product_cat-pliusiniai-siulai","8":"product_cat-softy-plus","10":"first","11":"outofstock","12":"taxable","13":"shipping-taxable","14":"purchasable","15":"product-type-simple"},"_links":{"self":[{"href":"https:\/\/siulaiklaipeda.eu\/en\/wp-json\/wp\/v2\/product\/11510","targetHints":{"allow":["GET"]}}],"collection":[{"href":"https:\/\/siulaiklaipeda.eu\/en\/wp-json\/wp\/v2\/product"}],"about":[{"href":"https:\/\/siulaiklaipeda.eu\/en\/wp-json\/wp\/v2\/types\/product"}],"wp:featuredmedia":[{"embeddable":true,"href":"https:\/\/siulaiklaipeda.eu\/en\/wp-json\/wp\/v2\/media\/11511"}],"wp:attachment":[{"href":"https:\/\/siulaiklaipeda.eu\/en\/wp-json\/wp\/v2\/media?parent=11510"}],"wp:term":[{"taxonomy":"product_brand","embeddable":true,"href":"https:\/\/siulaiklaipeda.eu\/en\/wp-json\/wp\/v2\/product_brand?post=11510"},{"taxonomy":"product_cat","embeddable":true,"href":"https:\/\/siulaiklaipeda.eu\/en\/wp-json\/wp\/v2\/product_cat?post=11510"},{"taxonomy":"product_tag","embeddable":true,"href":"https:\/\/siulaiklaipeda.eu\/en\/wp-json\/wp\/v2\/product_tag?post=11510"}],"curies":[{"name":"wp","href":"https:\/\/api.w.org\/{rel}","templated":true}]}}