{"id":10346,"date":"2024-06-12T13:18:09","date_gmt":"2024-06-12T11:18:09","guid":{"rendered":"https:\/\/siulaiklaipeda.eu\/?post_type=product&#038;p=10346"},"modified":"2026-04-02T11:31:21","modified_gmt":"2026-04-02T08:31:21","slug":"yarnart-symphony-dream-3117","status":"publish","type":"product","link":"https:\/\/siulaiklaipeda.eu\/en\/product\/yarnart-symphony-dream-3117\/","title":{"rendered":"YarnArt Symphony Dream 3117"},"content":{"rendered":"<ul>\n<li>Composition: 80 % cotton, 20% viscose<\/li>\n<li>Length: 100 g, 250 m<\/li>\n<li>Ribbon thread with viscose inserts<\/li>\n<li>Manufacturer: YarnArt, Turkey<\/li>\n<\/ul>","protected":false},"excerpt":{"rendered":"<p>Sud\u0117tis :80 % medviln\u0117,20% viskoz\u0117 Ilgis :100 g ,250 m Juostelinis si\u016blas su viskoz\u0117s intarpais Gamintojas:YarnArt ,Turkija<\/p>","protected":false},"featured_media":10370,"template":"","meta":[],"product_brand":[],"product_cat":[51,45,195,54,94],"product_tag":[],"class_list":{"0":"post-10346","1":"product","2":"type-product","3":"status-publish","4":"has-post-thumbnail","6":"product_cat-medvilne","7":"product_cat-mezgimo-siulai","8":"product_cat-symphony-dream","9":"product_cat-viskoze","10":"product_cat-yarnart","12":"first","13":"instock","14":"taxable","15":"shipping-taxable","16":"purchasable","17":"product-type-simple"},"_links":{"self":[{"href":"https:\/\/siulaiklaipeda.eu\/en\/wp-json\/wp\/v2\/product\/10346","targetHints":{"allow":["GET"]}}],"collection":[{"href":"https:\/\/siulaiklaipeda.eu\/en\/wp-json\/wp\/v2\/product"}],"about":[{"href":"https:\/\/siulaiklaipeda.eu\/en\/wp-json\/wp\/v2\/types\/product"}],"wp:featuredmedia":[{"embeddable":true,"href":"https:\/\/siulaiklaipeda.eu\/en\/wp-json\/wp\/v2\/media\/10370"}],"wp:attachment":[{"href":"https:\/\/siulaiklaipeda.eu\/en\/wp-json\/wp\/v2\/media?parent=10346"}],"wp:term":[{"taxonomy":"product_brand","embeddable":true,"href":"https:\/\/siulaiklaipeda.eu\/en\/wp-json\/wp\/v2\/product_brand?post=10346"},{"taxonomy":"product_cat","embeddable":true,"href":"https:\/\/siulaiklaipeda.eu\/en\/wp-json\/wp\/v2\/product_cat?post=10346"},{"taxonomy":"product_tag","embeddable":true,"href":"https:\/\/siulaiklaipeda.eu\/en\/wp-json\/wp\/v2\/product_tag?post=10346"}],"curies":[{"name":"wp","href":"https:\/\/api.w.org\/{rel}","templated":true}]}}