{"id":10339,"date":"2024-06-12T13:14:05","date_gmt":"2024-06-12T11:14:05","guid":{"rendered":"https:\/\/siulaiklaipeda.eu\/?post_type=product&#038;p=10339"},"modified":"2026-04-27T16:25:53","modified_gmt":"2026-04-27T13:25:53","slug":"yarnart-symphony-dream-3110","status":"publish","type":"product","link":"https:\/\/siulaiklaipeda.eu\/en\/product\/yarnart-symphony-dream-3110\/","title":{"rendered":"YarnArt Symphony Dream 3110"},"content":{"rendered":"<ul>\n<li>Composition: 80 % cotton, 20% viscose<\/li>\n<li>Length: 100 g, 250 m<\/li>\n<li>Ribbon thread with viscose inserts<\/li>\n<li>Manufacturer: YarnArt, Turkey<\/li>\n<\/ul>","protected":false},"excerpt":{"rendered":"<p>Sud\u0117tis :80 % medviln\u0117,20% viskoz\u0117 Ilgis :100 g ,250 m Juostelinis si\u016blas su viskoz\u0117s intarpais Gamintojas:YarnArt ,Turkija<\/p>","protected":false},"featured_media":10364,"template":"","meta":[],"product_brand":[],"product_cat":[51,45,195,54,94],"product_tag":[],"class_list":{"0":"post-10339","1":"product","2":"type-product","3":"status-publish","4":"has-post-thumbnail","6":"product_cat-medvilne","7":"product_cat-mezgimo-siulai","8":"product_cat-symphony-dream","9":"product_cat-viskoze","10":"product_cat-yarnart","12":"first","13":"instock","14":"taxable","15":"shipping-taxable","16":"purchasable","17":"product-type-simple"},"_links":{"self":[{"href":"https:\/\/siulaiklaipeda.eu\/en\/wp-json\/wp\/v2\/product\/10339","targetHints":{"allow":["GET"]}}],"collection":[{"href":"https:\/\/siulaiklaipeda.eu\/en\/wp-json\/wp\/v2\/product"}],"about":[{"href":"https:\/\/siulaiklaipeda.eu\/en\/wp-json\/wp\/v2\/types\/product"}],"wp:featuredmedia":[{"embeddable":true,"href":"https:\/\/siulaiklaipeda.eu\/en\/wp-json\/wp\/v2\/media\/10364"}],"wp:attachment":[{"href":"https:\/\/siulaiklaipeda.eu\/en\/wp-json\/wp\/v2\/media?parent=10339"}],"wp:term":[{"taxonomy":"product_brand","embeddable":true,"href":"https:\/\/siulaiklaipeda.eu\/en\/wp-json\/wp\/v2\/product_brand?post=10339"},{"taxonomy":"product_cat","embeddable":true,"href":"https:\/\/siulaiklaipeda.eu\/en\/wp-json\/wp\/v2\/product_cat?post=10339"},{"taxonomy":"product_tag","embeddable":true,"href":"https:\/\/siulaiklaipeda.eu\/en\/wp-json\/wp\/v2\/product_tag?post=10339"}],"curies":[{"name":"wp","href":"https:\/\/api.w.org\/{rel}","templated":true}]}}