{"id":10336,"date":"2024-06-12T13:11:48","date_gmt":"2024-06-12T11:11:48","guid":{"rendered":"https:\/\/siulaiklaipeda.eu\/?post_type=product&#038;p=10336"},"modified":"2025-11-03T19:36:47","modified_gmt":"2025-11-03T17:36:47","slug":"yarnart-symphony-dream-3109","status":"publish","type":"product","link":"https:\/\/siulaiklaipeda.eu\/en\/product\/yarnart-symphony-dream-3109\/","title":{"rendered":"YarnArt Symphony Dream 3109"},"content":{"rendered":"<ul>\n<li>Composition: 80 % cotton, 20% viscose<\/li>\n<li>Length: 100 g, 250 m<\/li>\n<li>Ribbon thread with viscose inserts<\/li>\n<li>Manufacturer: YarnArt, Turkey<\/li>\n<\/ul>","protected":false},"excerpt":{"rendered":"<p>Sud\u0117tis :80 % medviln\u0117,20% viskoz\u0117 Ilgis :100 g ,250 m Juostelinis si\u016blas su viskoz\u0117s intarpais Gamintojas:YarnArt ,Turkija<\/p>","protected":false},"featured_media":10363,"template":"","meta":[],"product_brand":[],"product_cat":[51,45,195,54,94],"product_tag":[],"class_list":{"0":"post-10336","1":"product","2":"type-product","3":"status-publish","4":"has-post-thumbnail","6":"product_cat-medvilne","7":"product_cat-mezgimo-siulai","8":"product_cat-symphony-dream","9":"product_cat-viskoze","10":"product_cat-yarnart","12":"first","13":"outofstock","14":"taxable","15":"shipping-taxable","16":"purchasable","17":"product-type-simple"},"_links":{"self":[{"href":"https:\/\/siulaiklaipeda.eu\/en\/wp-json\/wp\/v2\/product\/10336","targetHints":{"allow":["GET"]}}],"collection":[{"href":"https:\/\/siulaiklaipeda.eu\/en\/wp-json\/wp\/v2\/product"}],"about":[{"href":"https:\/\/siulaiklaipeda.eu\/en\/wp-json\/wp\/v2\/types\/product"}],"wp:featuredmedia":[{"embeddable":true,"href":"https:\/\/siulaiklaipeda.eu\/en\/wp-json\/wp\/v2\/media\/10363"}],"wp:attachment":[{"href":"https:\/\/siulaiklaipeda.eu\/en\/wp-json\/wp\/v2\/media?parent=10336"}],"wp:term":[{"taxonomy":"product_brand","embeddable":true,"href":"https:\/\/siulaiklaipeda.eu\/en\/wp-json\/wp\/v2\/product_brand?post=10336"},{"taxonomy":"product_cat","embeddable":true,"href":"https:\/\/siulaiklaipeda.eu\/en\/wp-json\/wp\/v2\/product_cat?post=10336"},{"taxonomy":"product_tag","embeddable":true,"href":"https:\/\/siulaiklaipeda.eu\/en\/wp-json\/wp\/v2\/product_tag?post=10336"}],"curies":[{"name":"wp","href":"https:\/\/api.w.org\/{rel}","templated":true}]}}