{"id":10171,"date":"2024-05-31T09:39:38","date_gmt":"2024-05-31T07:39:38","guid":{"rendered":"https:\/\/siulaiklaipeda.eu\/?post_type=product&#038;p=10171"},"modified":"2025-08-12T16:55:14","modified_gmt":"2025-08-12T14:55:14","slug":"linen-soft-7304","status":"publish","type":"product","link":"https:\/\/siulaiklaipeda.eu\/en\/product\/linen-soft-7304\/","title":{"rendered":"YarnArt Linen Soft 7304"},"content":{"rendered":"<ul>\n<li>Composition: 36 % viscose, 34 % cotton, 30 % linen<\/li>\n<li>Length: 100g, 272m<\/li>\n<li>A great yarn for summer knitting. Matte cotton and linen yarn interwoven with shiny viscose yarn. The yarn itself is unevenly spun, so it does not need fancy patterns or patterns, it creates an interesting knitting texture by itself. The thread is very soft and pleasant to the touch, easy to knit.<\/li>\n<li>Needles recommended by the manufacturer: No. 4<\/li>\n<li>The manufacturer&#039;s recommendation is: No. 3-4<\/li>\n<li>Manufacturer: YarnArt, Turkey<\/li>\n<\/ul>","protected":false},"excerpt":{"rendered":"<p>Sud\u0117tis :36 % viskoz\u0117 ,34 % medviln\u0117 ,30 % linas Ilgis :100g ,272m Puikus si\u016blas vasaros mezginiams .Matinis medviln\u0117s ir lino si\u016blas\u00a0 persipyn\u0119s su blizgiu viskoz\u0117s si\u016bl\u0173 .Pats si\u016blas nelygaus verpimo\u00a0 ,tod\u0117l jam nereikia \u012fmantri\u0173 ra\u0161t\u0173 ar fason\u0173 ,jis pats i\u0161 sav\u0119s sukuria \u012fdomi\u0105 mezginio fakt\u016br\u0105. Si\u016blas labai \u0161velnus ir malonus liesti ,lengvai mezgasi . [&hellip;]<\/p>","protected":false},"featured_media":10190,"template":"","meta":[],"product_brand":[],"product_cat":[94,53,192,51,45],"product_tag":[],"class_list":{"0":"post-10171","1":"product","2":"type-product","3":"status-publish","4":"has-post-thumbnail","6":"product_cat-yarnart","7":"product_cat-linas","8":"product_cat-linen-soft","9":"product_cat-medvilne","10":"product_cat-mezgimo-siulai","12":"first","13":"outofstock","14":"taxable","15":"shipping-taxable","16":"purchasable","17":"product-type-simple"},"_links":{"self":[{"href":"https:\/\/siulaiklaipeda.eu\/en\/wp-json\/wp\/v2\/product\/10171","targetHints":{"allow":["GET"]}}],"collection":[{"href":"https:\/\/siulaiklaipeda.eu\/en\/wp-json\/wp\/v2\/product"}],"about":[{"href":"https:\/\/siulaiklaipeda.eu\/en\/wp-json\/wp\/v2\/types\/product"}],"wp:featuredmedia":[{"embeddable":true,"href":"https:\/\/siulaiklaipeda.eu\/en\/wp-json\/wp\/v2\/media\/10190"}],"wp:attachment":[{"href":"https:\/\/siulaiklaipeda.eu\/en\/wp-json\/wp\/v2\/media?parent=10171"}],"wp:term":[{"taxonomy":"product_brand","embeddable":true,"href":"https:\/\/siulaiklaipeda.eu\/en\/wp-json\/wp\/v2\/product_brand?post=10171"},{"taxonomy":"product_cat","embeddable":true,"href":"https:\/\/siulaiklaipeda.eu\/en\/wp-json\/wp\/v2\/product_cat?post=10171"},{"taxonomy":"product_tag","embeddable":true,"href":"https:\/\/siulaiklaipeda.eu\/en\/wp-json\/wp\/v2\/product_tag?post=10171"}],"curies":[{"name":"wp","href":"https:\/\/api.w.org\/{rel}","templated":true}]}}